{"id":34190,"date":"2025-01-28T16:38:42","date_gmt":"2025-01-28T14:38:42","guid":{"rendered":"https:\/\/fifaa.ee\/?post_type=product&#038;p=34190"},"modified":"2026-04-01T18:33:06","modified_gmt":"2026-04-01T15:33:06","slug":"kaycey-21-aware-rpet-akaatsiapuidust-mini-automaatne-vihmavari","status":"publish","type":"product","link":"https:\/\/fifaa.ee\/en\/product\/kaycey-21-aware-rpet-akaatsiapuidust-mini-automaatne-vihmavari\/","title":{"rendered":"Kaycey 21\u2032 AWARE\u2122 RPET Acacia wood mini auto open umbrella"},"content":{"rendered":"<p>This compact 3-piece auto-opening mini umbrella is perfect for storing in your bag or car for unexpected weather. It features a metal frame, fiberglass ribs, and a beautiful FSC\u00ae-certified acacia wood handle. The canopy is made from recycled polyester that features the AWARE\u2122 label for genuine recycled materials. 2% of the proceeds from every Aware\u2122 product sold is donated to Water.org. Please note that the acacia wood handle may vary slightly in color and texture. This does not affect its functionality or durability.<\/p>","protected":false},"excerpt":{"rendered":"<p>See kompaktne 3-osaline automaatselt avanev mini vihmavari sobib ideaalselt kotis v\u00f5i autos hoidmiseks ootamatute ilmadega. Sellel on metallraam, klaaskiust ribid ja kaunis FSC\u00ae-sertifikaadiga akaatsiapuust k\u00e4epide. Varikatus on valmistatud taaskasutatud pol\u00fcestrist, mis sisaldab AWARE\u2122 m\u00e4rgistust ehtsate taaskasutatud materjalide jaoks. 2% iga m\u00fc\u00fcdud Aware\u2122-i toote tulust annetatakse veebisaidile Water.org. Pange t\u00e4hele, et akaatsiapuust k\u00e4epidemel v\u00f5ib olla m\u00f5ningaid [&hellip;]<\/p>\n","protected":false},"featured_media":34244,"template":"","meta":{"_acf_changed":false},"product_brand":[],"product_cat":[611],"product_tag":[659],"class_list":{"0":"post-34190","1":"product","2":"type-product","3":"status-publish","4":"has-post-thumbnail","6":"product_cat-vihmavarjud","7":"product_tag-more-colors","8":"pa_varv-beez","9":"pa_varv-must","10":"pa_varv-sinine","12":"first","13":"instock","14":"taxable","15":"shipping-taxable","16":"purchasable","17":"product-type-variable","18":"has-default-attributes"},"acf":[],"_links":{"self":[{"href":"https:\/\/fifaa.ee\/en\/wp-json\/wp\/v2\/product\/34190","targetHints":{"allow":["GET"]}}],"collection":[{"href":"https:\/\/fifaa.ee\/en\/wp-json\/wp\/v2\/product"}],"about":[{"href":"https:\/\/fifaa.ee\/en\/wp-json\/wp\/v2\/types\/product"}],"wp:featuredmedia":[{"embeddable":true,"href":"https:\/\/fifaa.ee\/en\/wp-json\/wp\/v2\/media\/34244"}],"wp:attachment":[{"href":"https:\/\/fifaa.ee\/en\/wp-json\/wp\/v2\/media?parent=34190"}],"wp:term":[{"taxonomy":"product_brand","embeddable":true,"href":"https:\/\/fifaa.ee\/en\/wp-json\/wp\/v2\/product_brand?post=34190"},{"taxonomy":"product_cat","embeddable":true,"href":"https:\/\/fifaa.ee\/en\/wp-json\/wp\/v2\/product_cat?post=34190"},{"taxonomy":"product_tag","embeddable":true,"href":"https:\/\/fifaa.ee\/en\/wp-json\/wp\/v2\/product_tag?post=34190"}],"curies":[{"name":"wp","href":"https:\/\/api.w.org\/{rel}","templated":true}]}}