{"id":34335,"date":"2025-01-28T16:39:47","date_gmt":"2025-01-28T14:39:47","guid":{"rendered":"https:\/\/fifaa.ee\/?post_type=product&#038;p=34335"},"modified":"2026-04-01T18:36:16","modified_gmt":"2026-04-01T15:36:16","slug":"boska-kooginoad-monaco-3-tk","status":"publish","type":"product","link":"https:\/\/fifaa.ee\/en\/product\/boska-kooginoad-monaco-3-tk\/","title":{"rendered":"BOSKA Kitchen Knives Monaco+, set of 3"},"content":{"rendered":"<p>The Monaco+ kitchen knife set from BOSKA \u2013 a B Corporation certified company \u2013 is the ultimate set for any foodie. With the same features as knives designed for professionals; high-quality stainless steel, extra sharp and a thin handle for complete control of the knife. Chef&#039;s knife \u2013 for cutting everything! Sous Chef Knife \u2013 because what is a chef without a Sous Chef. Paring knife \u2013 for cutting vegetables and fruits. This set can only be washed by hand and has a lifetime guarantee.<\/p>","protected":false},"excerpt":{"rendered":"<p>Monaco+ k\u00f6\u00f6ginugade komplekt kaubam\u00e4rgilt BOSKA \u2013 B Corporationi sertifitseeritud ettev\u00f5te \u2013 on \u00fclim komplekt igale toidus\u00f5brale. Samade omadustega nagu professionaalidele m\u00f5eldud noad; kvaliteetne roostevaba teras, eriti terav ja peenike k\u00e4epide tagab noa t\u00e4ieliku kontrolli. Kokandusnuga &#8211; k\u00f5ige l\u00f5ikamiseks! Sous Chef Knife \u2013 sest mis on kokk ilma Sous Chefita. Koorimisnuga &#8211; k\u00f6\u00f6giviljade ja puuviljade l\u00f5ikamiseks. [&hellip;]<\/p>\n","protected":false},"featured_media":34360,"template":"","meta":{"_acf_changed":false},"product_brand":[],"product_cat":[213,568],"product_tag":[],"class_list":{"0":"post-34335","1":"product","2":"type-product","3":"status-publish","4":"has-post-thumbnail","6":"product_cat-kodu","7":"product_cat-koogitarbed","9":"first","10":"instock","11":"taxable","12":"shipping-taxable","13":"purchasable","14":"product-type-variable","15":"has-default-attributes"},"acf":[],"_links":{"self":[{"href":"https:\/\/fifaa.ee\/en\/wp-json\/wp\/v2\/product\/34335","targetHints":{"allow":["GET"]}}],"collection":[{"href":"https:\/\/fifaa.ee\/en\/wp-json\/wp\/v2\/product"}],"about":[{"href":"https:\/\/fifaa.ee\/en\/wp-json\/wp\/v2\/types\/product"}],"wp:featuredmedia":[{"embeddable":true,"href":"https:\/\/fifaa.ee\/en\/wp-json\/wp\/v2\/media\/34360"}],"wp:attachment":[{"href":"https:\/\/fifaa.ee\/en\/wp-json\/wp\/v2\/media?parent=34335"}],"wp:term":[{"taxonomy":"product_brand","embeddable":true,"href":"https:\/\/fifaa.ee\/en\/wp-json\/wp\/v2\/product_brand?post=34335"},{"taxonomy":"product_cat","embeddable":true,"href":"https:\/\/fifaa.ee\/en\/wp-json\/wp\/v2\/product_cat?post=34335"},{"taxonomy":"product_tag","embeddable":true,"href":"https:\/\/fifaa.ee\/en\/wp-json\/wp\/v2\/product_tag?post=34335"}],"curies":[{"name":"wp","href":"https:\/\/api.w.org\/{rel}","templated":true}]}}