{"id":34369,"date":"2025-01-28T16:40:04","date_gmt":"2025-01-28T14:40:04","guid":{"rendered":"https:\/\/fifaa.ee\/product\/juustupagar-boska-500-ml\/"},"modified":"2026-04-01T18:36:36","modified_gmt":"2026-04-01T15:36:36","slug":"juustupagar-boska-500-ml","status":"publish","type":"product","link":"https:\/\/fifaa.ee\/en\/product\/juustupagar-boska-500-ml\/","title":{"rendered":"BOSKA Cheese Baker \u2013 500 ml"},"content":{"rendered":"<p>Do you want to enjoy a delicious baked Camembert? With the BOSKA Cheese Baker \u2013 a B Corporation certified company \u2013 it&#039;s a piece of cake! This small oven dish with a matching lid is perfect for Camembert. It&#039;s also ideal for fondue, stews or other dishes, allowing you to quickly prepare a delicious appetizer or snack! The Cheese Baker is refrigerator safe and partially dishwasher safe; only the oven dish is dishwasher safe. Plus, it comes with a 10-year warranty.<\/p>","protected":false},"excerpt":{"rendered":"<p>Kas soovite nautida maitsvat k\u00fcpsetatud Camembertit? BOSKA juustupagariga \u2013 B Corporationi sertifitseeritud ettev\u00f5ttega \u2013 see on k\u00e4kitegu! See v\u00e4ike sobiva kaanega ahjuvorm sobib ideaalselt Camemberti jaoks. See sobib ideaalselt ka fond\u00fc\u00fc, hautiste v\u00f5i muude roogade jaoks, v\u00f5imaldades teil kiiresti valmistada maitsva eelroa v\u00f5i suupiste! Cheese Baker on k\u00fclmkapis ohutu ja osaliselt n\u00f5udepesumasinas pestav; ainult ahjuvorm [&hellip;]<\/p>\n","protected":false},"featured_media":34368,"template":"","meta":{"_acf_changed":false},"product_brand":[],"product_cat":[213,568],"product_tag":[],"class_list":{"0":"post-34369","1":"product","2":"type-product","3":"status-publish","4":"has-post-thumbnail","6":"product_cat-kodu","7":"product_cat-koogitarbed","8":"pa_varv-valge-new","10":"first","11":"instock","12":"taxable","13":"shipping-taxable","14":"purchasable","15":"product-type-variable","16":"has-default-attributes"},"acf":[],"_links":{"self":[{"href":"https:\/\/fifaa.ee\/en\/wp-json\/wp\/v2\/product\/34369","targetHints":{"allow":["GET"]}}],"collection":[{"href":"https:\/\/fifaa.ee\/en\/wp-json\/wp\/v2\/product"}],"about":[{"href":"https:\/\/fifaa.ee\/en\/wp-json\/wp\/v2\/types\/product"}],"wp:featuredmedia":[{"embeddable":true,"href":"https:\/\/fifaa.ee\/en\/wp-json\/wp\/v2\/media\/34368"}],"wp:attachment":[{"href":"https:\/\/fifaa.ee\/en\/wp-json\/wp\/v2\/media?parent=34369"}],"wp:term":[{"taxonomy":"product_brand","embeddable":true,"href":"https:\/\/fifaa.ee\/en\/wp-json\/wp\/v2\/product_brand?post=34369"},{"taxonomy":"product_cat","embeddable":true,"href":"https:\/\/fifaa.ee\/en\/wp-json\/wp\/v2\/product_cat?post=34369"},{"taxonomy":"product_tag","embeddable":true,"href":"https:\/\/fifaa.ee\/en\/wp-json\/wp\/v2\/product_tag?post=34369"}],"curies":[{"name":"wp","href":"https:\/\/api.w.org\/{rel}","templated":true}]}}