{"id":34374,"date":"2025-01-28T16:40:04","date_gmt":"2025-01-28T14:40:04","guid":{"rendered":"https:\/\/fifaa.ee\/?post_type=product&#038;p=34374"},"modified":"2026-04-01T18:37:08","modified_gmt":"2026-04-01T15:37:08","slug":"boska-juusturulli-sober","status":"publish","type":"product","link":"https:\/\/fifaa.ee\/en\/product\/boska-juusturulli-sober\/","title":{"rendered":"BOSKA Cheese Curler Amigo"},"content":{"rendered":"<p>Cheese curls are the perfect finishing touch to your dishes. They are delicious with Italian pasta or a fresh salad and are always a hit at happy hour. It&#039;s a fun and delicious way to enjoy your favorite cheeses. The BOSKA Amigo Cheese Curler - a B Corporation certified company - has a stainless steel blade and is perfect for T\u00eate de Moine and even chocolate. With five short pins around the table, you&#039;ll have an extra secure grip on the cheese. Try it for yourself; curls have never looked better! The cheese curler is hand-wash only and comes with a 10-year warranty.<\/p>","protected":false},"excerpt":{"rendered":"<p>Juustu lokid on teie roogade jaoks t\u00e4iuslik viimistlus. Need on maitsvad itaalia pasta v\u00f5i v\u00e4rske salatiga ja alati menukad \u00f5nnetunni ajal. See on l\u00f5bus ja maitsev viis oma lemmikjuustu nautida. BOSKA juustu lokirull Amigo \u2013 B Corporationi sertifitseeritud ettev\u00f5te \u2013 on roostevabast terasest teraga ning sobib suurep\u00e4raselt T\u00eate de Moine\u2019i ja isegi \u0161okolaadi jaoks. Kui [&hellip;]<\/p>\n","protected":false},"featured_media":34386,"template":"","meta":{"_acf_changed":false},"product_brand":[],"product_cat":[213,568],"product_tag":[],"class_list":{"0":"post-34374","1":"product","2":"type-product","3":"status-publish","4":"has-post-thumbnail","6":"product_cat-kodu","7":"product_cat-koogitarbed","9":"first","10":"instock","11":"taxable","12":"shipping-taxable","13":"purchasable","14":"product-type-variable","15":"has-default-attributes"},"acf":[],"_links":{"self":[{"href":"https:\/\/fifaa.ee\/en\/wp-json\/wp\/v2\/product\/34374","targetHints":{"allow":["GET"]}}],"collection":[{"href":"https:\/\/fifaa.ee\/en\/wp-json\/wp\/v2\/product"}],"about":[{"href":"https:\/\/fifaa.ee\/en\/wp-json\/wp\/v2\/types\/product"}],"wp:featuredmedia":[{"embeddable":true,"href":"https:\/\/fifaa.ee\/en\/wp-json\/wp\/v2\/media\/34386"}],"wp:attachment":[{"href":"https:\/\/fifaa.ee\/en\/wp-json\/wp\/v2\/media?parent=34374"}],"wp:term":[{"taxonomy":"product_brand","embeddable":true,"href":"https:\/\/fifaa.ee\/en\/wp-json\/wp\/v2\/product_brand?post=34374"},{"taxonomy":"product_cat","embeddable":true,"href":"https:\/\/fifaa.ee\/en\/wp-json\/wp\/v2\/product_cat?post=34374"},{"taxonomy":"product_tag","embeddable":true,"href":"https:\/\/fifaa.ee\/en\/wp-json\/wp\/v2\/product_tag?post=34374"}],"curies":[{"name":"wp","href":"https:\/\/api.w.org\/{rel}","templated":true}]}}