{"id":34375,"date":"2025-01-28T16:40:04","date_gmt":"2025-01-28T14:40:04","guid":{"rendered":"https:\/\/fifaa.ee\/?post_type=product&#038;p=34375"},"modified":"2026-04-01T18:37:08","modified_gmt":"2026-04-01T15:37:08","slug":"divine-tapas-fondue-nero-300-ml","status":"publish","type":"product","link":"https:\/\/fifaa.ee\/en\/product\/divine-tapas-fondue-nero-300-ml\/","title":{"rendered":"BOSKA Tapas Fondue Nero - 300 ml"},"content":{"rendered":"<p>Tapas for two? This small fondue set with a unique shape is perfect for an intimate evening for two. The Tapas Fondue Nero from BOSKA \u2013 a B Corporation certified company \u2013 can make 175 grams of cheese fondue or 200 ml of warm sauce. Simply heat it in the microwave and dip away! The fondue set is partially dishwasher safe; only the fondue pan is dishwasher safe. Plus, it comes with a lifetime warranty.<\/p>","protected":false},"excerpt":{"rendered":"<p>Tapas kahele? See v\u00e4ike unikaalse kujuga fond\u00fc\u00fckomplekt sobib suurep\u00e4raselt intiimseks \u00f5htuks kahele. Br\u00e4ndi BOSKA \u2013 B Corporationi sertifitseeritud ettev\u00f5tte \u2013 Tapas Fondue Nero abil saab valmistada 175 grammi juustufond\u00fc\u00fcd v\u00f5i 200 ml sooja kastet. Lihtsalt soojendage seda mikrolaineahjus ja kastke \u00e4ra! Fond\u00fc\u00fc komplekt on osaliselt n\u00f5udepesumasinas pestav; ainult fond\u00fc\u00fcpann on n\u00f5udepesumasinas pestav. Lisaks on sellel [&hellip;]<\/p>\n","protected":false},"featured_media":34388,"template":"","meta":{"_acf_changed":false},"product_brand":[],"product_cat":[213,568],"product_tag":[],"class_list":{"0":"post-34375","1":"product","2":"type-product","3":"status-publish","4":"has-post-thumbnail","6":"product_cat-kodu","7":"product_cat-koogitarbed","8":"pa_varv-must","10":"first","11":"instock","12":"taxable","13":"shipping-taxable","14":"purchasable","15":"product-type-variable","16":"has-default-attributes"},"acf":[],"_links":{"self":[{"href":"https:\/\/fifaa.ee\/en\/wp-json\/wp\/v2\/product\/34375","targetHints":{"allow":["GET"]}}],"collection":[{"href":"https:\/\/fifaa.ee\/en\/wp-json\/wp\/v2\/product"}],"about":[{"href":"https:\/\/fifaa.ee\/en\/wp-json\/wp\/v2\/types\/product"}],"wp:featuredmedia":[{"embeddable":true,"href":"https:\/\/fifaa.ee\/en\/wp-json\/wp\/v2\/media\/34388"}],"wp:attachment":[{"href":"https:\/\/fifaa.ee\/en\/wp-json\/wp\/v2\/media?parent=34375"}],"wp:term":[{"taxonomy":"product_brand","embeddable":true,"href":"https:\/\/fifaa.ee\/en\/wp-json\/wp\/v2\/product_brand?post=34375"},{"taxonomy":"product_cat","embeddable":true,"href":"https:\/\/fifaa.ee\/en\/wp-json\/wp\/v2\/product_cat?post=34375"},{"taxonomy":"product_tag","embeddable":true,"href":"https:\/\/fifaa.ee\/en\/wp-json\/wp\/v2\/product_tag?post=34375"}],"curies":[{"name":"wp","href":"https:\/\/api.w.org\/{rel}","templated":true}]}}