{"id":34416,"date":"2025-01-28T16:40:32","date_gmt":"2025-01-28T14:40:32","guid":{"rendered":"https:\/\/fifaa.ee\/?post_type=product&#038;p=34416"},"modified":"2026-04-01T18:39:41","modified_gmt":"2026-04-01T15:39:41","slug":"iqoniq-meru-meeste-taaskasutatud-poluestrist-kehasoojendaja","status":"publish","type":"product","link":"https:\/\/fifaa.ee\/en\/product\/iqoniq-meru-meeste-taaskasutatud-poluestrist-kehasoojendaja\/","title":{"rendered":"Iqoniq Meru men recycled polyester bodywarmer"},"content":{"rendered":"<p>Men&#039;s medium-sized body warmer made from 100% post-consumer recycled polyester. The body warmer is fully quilted with 100% recycled polyester pearl filling. It has a reverse zipper at the front and practical zippered pockets in the side panel seams. All zippers have additional zippers in matching color for a refined look. The armholes have elastic binding and all seams inside are finished with recycled binding. Fluorine\/PFAS-free water-repellent impregnation. The use of genuine recycled fabric materials and environmental impact claims are guaranteed using AWARE\u2122 disruptive physical tracer and blockchain technology. By scanning the QR code, you can access a special digital passport. Proceeds from every 2% product sold are donated to Water.org. This product is OEKO-TEX\u00ae STANDARD 100 certified. The Meru body warmer is also available in a form suitable for women.<\/p>","protected":false},"excerpt":{"rendered":"<p>Meeste keskmise suurusega kehasoojendaja, mis on valmistatud 100% tarbimisj\u00e4rgsest taaskasutatud pol\u00fcestrist. Kehasoojendaja on t\u00e4ielikult tepitud 100% taaskasutatud pol\u00fcesterp\u00e4rlit\u00e4idisega. Selle ees on \u00fcmberp\u00f6\u00f6ratud t\u00f5mblukk ja praktilised lukuga taskud k\u00fcljepaneeli \u00f5mblustes. K\u00f5ikidel t\u00f5mblukudel on sobivas v\u00e4rvitoonis lisat\u00f5mblukud, mis tagavad rafineeritud v\u00e4limuse. K\u00e4eaukudel on elastne k\u00f6ide ja k\u00f5ik \u00f5mblused seest on puhtaks viimistletud taaskasutatud k\u00f6itega. Fluori\/PFAS-vaba vetth\u00fclgav immutamine. [&hellip;]<\/p>\n","protected":false},"featured_media":34455,"template":"","meta":{"_acf_changed":false},"product_brand":[],"product_cat":[306,642],"product_tag":[659],"class_list":{"0":"post-34416","1":"product","2":"type-product","3":"status-publish","4":"has-post-thumbnail","6":"product_cat-jope","7":"product_cat-vest-joped","8":"product_tag-more-colors","9":"pa_suurus-4xl","10":"pa_suurus-5xl","11":"pa_suurus-l","12":"pa_suurus-m","13":"pa_suurus-s","14":"pa_suurus-xl","15":"pa_suurus-xxl","16":"pa_suurus-xxxl","17":"pa_varv-beez","18":"pa_varv-hall","19":"pa_varv-kollane","20":"pa_varv-must","21":"pa_varv-roheline","22":"pa_varv-sinine","24":"first","25":"instock","26":"taxable","27":"shipping-taxable","28":"purchasable","29":"product-type-variable","30":"has-default-attributes"},"acf":[],"_links":{"self":[{"href":"https:\/\/fifaa.ee\/en\/wp-json\/wp\/v2\/product\/34416","targetHints":{"allow":["GET"]}}],"collection":[{"href":"https:\/\/fifaa.ee\/en\/wp-json\/wp\/v2\/product"}],"about":[{"href":"https:\/\/fifaa.ee\/en\/wp-json\/wp\/v2\/types\/product"}],"wp:featuredmedia":[{"embeddable":true,"href":"https:\/\/fifaa.ee\/en\/wp-json\/wp\/v2\/media\/34455"}],"wp:attachment":[{"href":"https:\/\/fifaa.ee\/en\/wp-json\/wp\/v2\/media?parent=34416"}],"wp:term":[{"taxonomy":"product_brand","embeddable":true,"href":"https:\/\/fifaa.ee\/en\/wp-json\/wp\/v2\/product_brand?post=34416"},{"taxonomy":"product_cat","embeddable":true,"href":"https:\/\/fifaa.ee\/en\/wp-json\/wp\/v2\/product_cat?post=34416"},{"taxonomy":"product_tag","embeddable":true,"href":"https:\/\/fifaa.ee\/en\/wp-json\/wp\/v2\/product_tag?post=34416"}],"curies":[{"name":"wp","href":"https:\/\/api.w.org\/{rel}","templated":true}]}}