{"id":345112,"date":"2026-01-29T16:46:53","date_gmt":"2026-01-29T14:46:53","guid":{"rendered":"https:\/\/fifaa.ee\/product\/crafter-vintage-unisex\/"},"modified":"2026-05-14T05:37:15","modified_gmt":"2026-05-14T02:37:15","slug":"crafter-vintage-unisex","status":"publish","type":"product","link":"https:\/\/fifaa.ee\/en\/product\/crafter-vintage-unisex\/","title":{"rendered":"Crafter Vintage, Unisex"},"content":{"rendered":"<p>1\u00d71 rib at the neckline<br \/>\nSelf-knitted neckband<br \/>\nSewn-in sleeves<br \/>\nDouble-needle topstitching on sleeve cuffs and hem<br \/>\nFaded stitching details for a washed look<br \/>\nGarment dyed: each item is unique; slight color variations are possible<br \/>\nFollow printing recommendations<\/p>","protected":false},"excerpt":{"rendered":"<p>Unisex r\u00f5ivav\u00e4rviga T-s\u00e4rk<\/p>","protected":false},"featured_media":270752,"template":"","meta":{"_acf_changed":false},"product_brand":[],"product_cat":[225],"product_tag":[659],"class_list":{"0":"post-345112","1":"product","2":"type-product","3":"status-publish","4":"has-post-thumbnail","6":"product_cat-t-sark","7":"product_tag-more-colors","8":"pa_brand-stanley-stella","9":"pa_sugu-unisex","10":"pa_suurus-3xl","11":"pa_suurus-l","12":"pa_suurus-m","13":"pa_suurus-s","14":"pa_suurus-xl","15":"pa_suurus-xs","16":"pa_suurus-xxl","17":"pa_suurus-xxs","18":"pa_varv-hall","19":"pa_varv-kollane","20":"pa_varv-must","21":"pa_varv-roheline","22":"pa_varv-roosa","23":"pa_varv-sinine","25":"first","26":"instock","27":"taxable","28":"shipping-taxable","29":"purchasable","30":"product-type-variable","31":"has-default-attributes"},"acf":[],"_links":{"self":[{"href":"https:\/\/fifaa.ee\/en\/wp-json\/wp\/v2\/product\/345112","targetHints":{"allow":["GET"]}}],"collection":[{"href":"https:\/\/fifaa.ee\/en\/wp-json\/wp\/v2\/product"}],"about":[{"href":"https:\/\/fifaa.ee\/en\/wp-json\/wp\/v2\/types\/product"}],"wp:featuredmedia":[{"embeddable":true,"href":"https:\/\/fifaa.ee\/en\/wp-json\/wp\/v2\/media\/270752"}],"wp:attachment":[{"href":"https:\/\/fifaa.ee\/en\/wp-json\/wp\/v2\/media?parent=345112"}],"wp:term":[{"taxonomy":"product_brand","embeddable":true,"href":"https:\/\/fifaa.ee\/en\/wp-json\/wp\/v2\/product_brand?post=345112"},{"taxonomy":"product_cat","embeddable":true,"href":"https:\/\/fifaa.ee\/en\/wp-json\/wp\/v2\/product_cat?post=345112"},{"taxonomy":"product_tag","embeddable":true,"href":"https:\/\/fifaa.ee\/en\/wp-json\/wp\/v2\/product_tag?post=345112"}],"curies":[{"name":"wp","href":"https:\/\/api.w.org\/{rel}","templated":true}]}}