{"id":345171,"date":"2026-01-29T16:47:26","date_gmt":"2026-01-29T14:47:26","guid":{"rendered":"https:\/\/fifaa.ee\/product\/blaster-2-0-unisex\/"},"modified":"2026-05-14T05:37:15","modified_gmt":"2026-05-14T02:37:15","slug":"blaster-2-0-unisex","status":"publish","type":"product","link":"https:\/\/fifaa.ee\/en\/product\/blaster-2-0-unisex\/","title":{"rendered":"Blaster 2.0, Unisex"},"content":{"rendered":"<p>1\u00d71 ribbed collar<br \/>\nSelf-sewn back of the collar<br \/>\nSet-in sleeves with dropped shoulders<br \/>\nDouble-needle topstitching on sleeve cuffs and hem<\/p>","protected":false},"excerpt":{"rendered":"<p>Unisex \u00fclisuur k\u00f5rge kaelusega T-s\u00e4rk<\/p>","protected":false},"featured_media":46329,"template":"","meta":{"_acf_changed":false},"product_brand":[],"product_cat":[225],"product_tag":[659],"class_list":{"0":"post-345171","1":"product","2":"type-product","3":"status-publish","4":"has-post-thumbnail","6":"product_cat-t-sark","7":"product_tag-more-colors","8":"pa_brand-stanley-stella","9":"pa_sugu-unisex","10":"pa_suurus-3xl","11":"pa_suurus-l","12":"pa_suurus-m","13":"pa_suurus-s","14":"pa_suurus-xl","15":"pa_suurus-xs","16":"pa_suurus-xxl","17":"pa_suurus-xxs","18":"pa_varv-hall","19":"pa_varv-kollane","20":"pa_varv-lilla","21":"pa_varv-must","22":"pa_varv-pruun","23":"pa_varv-roheline","24":"pa_varv-roosa","25":"pa_varv-sinine","26":"pa_varv-valge-new","28":"first","29":"instock","30":"taxable","31":"shipping-taxable","32":"purchasable","33":"product-type-variable","34":"has-default-attributes"},"acf":[],"_links":{"self":[{"href":"https:\/\/fifaa.ee\/en\/wp-json\/wp\/v2\/product\/345171","targetHints":{"allow":["GET"]}}],"collection":[{"href":"https:\/\/fifaa.ee\/en\/wp-json\/wp\/v2\/product"}],"about":[{"href":"https:\/\/fifaa.ee\/en\/wp-json\/wp\/v2\/types\/product"}],"wp:featuredmedia":[{"embeddable":true,"href":"https:\/\/fifaa.ee\/en\/wp-json\/wp\/v2\/media\/46329"}],"wp:attachment":[{"href":"https:\/\/fifaa.ee\/en\/wp-json\/wp\/v2\/media?parent=345171"}],"wp:term":[{"taxonomy":"product_brand","embeddable":true,"href":"https:\/\/fifaa.ee\/en\/wp-json\/wp\/v2\/product_brand?post=345171"},{"taxonomy":"product_cat","embeddable":true,"href":"https:\/\/fifaa.ee\/en\/wp-json\/wp\/v2\/product_cat?post=345171"},{"taxonomy":"product_tag","embeddable":true,"href":"https:\/\/fifaa.ee\/en\/wp-json\/wp\/v2\/product_tag?post=345171"}],"curies":[{"name":"wp","href":"https:\/\/api.w.org\/{rel}","templated":true}]}}