{"id":345787,"date":"2026-01-29T17:09:10","date_gmt":"2026-01-29T15:09:10","guid":{"rendered":"https:\/\/fifaa.ee\/product\/hip-bag-unisex\/"},"modified":"2026-05-14T05:37:18","modified_gmt":"2026-05-14T02:37:18","slug":"hip-bag-unisex","status":"publish","type":"product","link":"https:\/\/fifaa.ee\/en\/product\/hip-bag-unisex\/","title":{"rendered":"Hip Bag, Unisex"},"content":{"rendered":"<p>Adjustable grosgrain strap<br \/>\nPlastic side opening buckle<br \/>\nFront shaping arrow<br \/>\nFront pocket with nylon twist lock<\/p>","protected":false},"excerpt":{"rendered":"<p>L\u00f5uendist v\u00f6\u00f6kott<\/p>","protected":false},"featured_media":348821,"template":"","meta":{"_acf_changed":false},"product_brand":[],"product_cat":[232],"product_tag":[659],"class_list":{"0":"post-345787","1":"product","2":"type-product","3":"status-publish","4":"has-post-thumbnail","6":"product_cat-kotid","7":"product_tag-more-colors","8":"pa_brand-stanley-stella","9":"pa_sugu-unisex","10":"pa_suurus-os","11":"pa_varv-hall","12":"pa_varv-must","13":"pa_varv-valge-new","15":"first","16":"instock","17":"taxable","18":"shipping-taxable","19":"purchasable","20":"product-type-variable","21":"has-default-attributes"},"acf":[],"_links":{"self":[{"href":"https:\/\/fifaa.ee\/en\/wp-json\/wp\/v2\/product\/345787","targetHints":{"allow":["GET"]}}],"collection":[{"href":"https:\/\/fifaa.ee\/en\/wp-json\/wp\/v2\/product"}],"about":[{"href":"https:\/\/fifaa.ee\/en\/wp-json\/wp\/v2\/types\/product"}],"wp:featuredmedia":[{"embeddable":true,"href":"https:\/\/fifaa.ee\/en\/wp-json\/wp\/v2\/media\/348821"}],"wp:attachment":[{"href":"https:\/\/fifaa.ee\/en\/wp-json\/wp\/v2\/media?parent=345787"}],"wp:term":[{"taxonomy":"product_brand","embeddable":true,"href":"https:\/\/fifaa.ee\/en\/wp-json\/wp\/v2\/product_brand?post=345787"},{"taxonomy":"product_cat","embeddable":true,"href":"https:\/\/fifaa.ee\/en\/wp-json\/wp\/v2\/product_cat?post=345787"},{"taxonomy":"product_tag","embeddable":true,"href":"https:\/\/fifaa.ee\/en\/wp-json\/wp\/v2\/product_tag?post=345787"}],"curies":[{"name":"wp","href":"https:\/\/api.w.org\/{rel}","templated":true}]}}