{"id":346160,"date":"2026-01-29T17:22:27","date_gmt":"2026-01-29T15:22:27","guid":{"rendered":"https:\/\/fifaa.ee\/product\/brooker-unisex\/"},"modified":"2026-05-14T06:35:05","modified_gmt":"2026-05-14T03:35:05","slug":"brooker-unisex","status":"publish","type":"product","link":"https:\/\/fifaa.ee\/en\/product\/brooker-unisex\/","title":{"rendered":"Brooker, Unisex"},"content":{"rendered":"<p>Stand-up collar<br \/>\nLace with loop at the back of the neck<br \/>\nNylon spiral lock with metal puller and cord end<br \/>\nSewn-in sleeves<br \/>\nSoftshell waist pockets with hidden zipper<br \/>\nRecycled elastic trim on sleeve cuffs and hem<br \/>\nSoftshell fabric on the outer collar and yoke<br \/>\nBrushed polar fleece fabric with anti-pill protection on both sides<br \/>\nInternal hidden zipper on the left chest for easy access to decorations<\/p>","protected":false},"excerpt":{"rendered":"<p>Unisex l\u00f5dva l\u00f5ikega \u0161erpajakk<\/p>","protected":false},"featured_media":248834,"template":"","meta":{"_acf_changed":false},"product_brand":[],"product_cat":[306],"product_tag":[659],"class_list":{"0":"post-346160","1":"product","2":"type-product","3":"status-publish","4":"has-post-thumbnail","6":"product_cat-jope","7":"product_tag-more-colors","8":"pa_brand-stanley-stella","9":"pa_sugu-unisex","10":"pa_suurus-3xl","11":"pa_suurus-l","12":"pa_suurus-m","13":"pa_suurus-s","14":"pa_suurus-xl","15":"pa_suurus-xs","16":"pa_suurus-xxl","17":"pa_suurus-xxs","18":"pa_varv-beez","19":"pa_varv-kollane","20":"pa_varv-must","21":"pa_varv-pruun","22":"pa_varv-punane","23":"pa_varv-roheline","24":"pa_varv-sinine","26":"first","27":"instock","28":"taxable","29":"shipping-taxable","30":"purchasable","31":"product-type-variable","32":"has-default-attributes"},"acf":[],"_links":{"self":[{"href":"https:\/\/fifaa.ee\/en\/wp-json\/wp\/v2\/product\/346160","targetHints":{"allow":["GET"]}}],"collection":[{"href":"https:\/\/fifaa.ee\/en\/wp-json\/wp\/v2\/product"}],"about":[{"href":"https:\/\/fifaa.ee\/en\/wp-json\/wp\/v2\/types\/product"}],"wp:featuredmedia":[{"embeddable":true,"href":"https:\/\/fifaa.ee\/en\/wp-json\/wp\/v2\/media\/248834"}],"wp:attachment":[{"href":"https:\/\/fifaa.ee\/en\/wp-json\/wp\/v2\/media?parent=346160"}],"wp:term":[{"taxonomy":"product_brand","embeddable":true,"href":"https:\/\/fifaa.ee\/en\/wp-json\/wp\/v2\/product_brand?post=346160"},{"taxonomy":"product_cat","embeddable":true,"href":"https:\/\/fifaa.ee\/en\/wp-json\/wp\/v2\/product_cat?post=346160"},{"taxonomy":"product_tag","embeddable":true,"href":"https:\/\/fifaa.ee\/en\/wp-json\/wp\/v2\/product_tag?post=346160"}],"curies":[{"name":"wp","href":"https:\/\/api.w.org\/{rel}","templated":true}]}}