{"id":34734,"date":"2025-01-28T16:43:27","date_gmt":"2025-01-28T14:43:27","guid":{"rendered":"https:\/\/fifaa.ee\/?post_type=product&#038;p=34734"},"modified":"2026-04-01T18:46:34","modified_gmt":"2026-04-01T15:46:34","slug":"iqoniq-yosemite-naiste-taaskasutatud-puuvillane-pique-polo","status":"publish","type":"product","link":"https:\/\/fifaa.ee\/en\/product\/iqoniq-yosemite-naiste-taaskasutatud-puuvillane-pique-polo\/","title":{"rendered":"Iqoniq Yosemite Women&#039;s Recycled Cotton Pique Polo"},"content":{"rendered":"<p>Women&#039;s mid-length polo shirt made from 100% cotton, 50% recycled and 50% organic, 220 g\/m\u00b2. Designed to complement our Yosemite unisex polo T9200, this version offers a more feminine fit. The polo has a front fastening without topstitching and three matching colour buttons. 1x1 flat rib at the collar and cuffs. The use of genuine recycled and organic fabric materials and environmental claims are guaranteed using AWARE\u2122 disruptive physical tracking and blockchain technology. Scan the QR code to access a special digital passport for the product. 2% of the proceeds from each product sold is donated to Water.org. This product is certified to OEKO-TEX\u00ae STANDARD 100 2303045 Centexbel. Due to the nature of recycled yarns, impurities and colour variations may occur.<\/p>","protected":false},"excerpt":{"rendered":"<p>Naiste keskmise pikkusega polo, mis on valmistatud 100% puuvillast, millest 50% on taaskasutatud ja 50% orgaaniline, 220 G\/M\u00b2. See versioon, mis on loodud t\u00e4iendama meie Yosemite unisex polo T9200, pakub naiselikumat istuvust. Polol on esikinnitus ilma pealis\u00f5mbluseta ja kolme sobivat v\u00e4rvi n\u00f6\u00f6biga. 1&#215;1 lame soonik krae ja k\u00e4iste juures. Ehtsate taaskasutatud ja orgaaniliste kangamaterjalide kasutamine [&hellip;]<\/p>\n","protected":false},"featured_media":34769,"template":"","meta":{"_acf_changed":false},"product_brand":[],"product_cat":[272,222],"product_tag":[659],"class_list":{"0":"post-34734","1":"product","2":"type-product","3":"status-publish","4":"has-post-thumbnail","6":"product_cat-polo","7":"product_cat-sargid","8":"product_tag-more-colors","9":"pa_suurus-l","10":"pa_suurus-m","11":"pa_suurus-s","12":"pa_suurus-xl","13":"pa_suurus-xs","14":"pa_suurus-xxl","15":"pa_suurus-xxs","16":"pa_suurus-xxxl","17":"pa_varv-hall","18":"pa_varv-must","19":"pa_varv-oranz","20":"pa_varv-punane","21":"pa_varv-roheline","22":"pa_varv-roosa","23":"pa_varv-sinine","24":"pa_varv-valge-new","26":"first","27":"instock","28":"taxable","29":"shipping-taxable","30":"purchasable","31":"product-type-variable","32":"has-default-attributes"},"acf":[],"_links":{"self":[{"href":"https:\/\/fifaa.ee\/en\/wp-json\/wp\/v2\/product\/34734","targetHints":{"allow":["GET"]}}],"collection":[{"href":"https:\/\/fifaa.ee\/en\/wp-json\/wp\/v2\/product"}],"about":[{"href":"https:\/\/fifaa.ee\/en\/wp-json\/wp\/v2\/types\/product"}],"wp:featuredmedia":[{"embeddable":true,"href":"https:\/\/fifaa.ee\/en\/wp-json\/wp\/v2\/media\/34769"}],"wp:attachment":[{"href":"https:\/\/fifaa.ee\/en\/wp-json\/wp\/v2\/media?parent=34734"}],"wp:term":[{"taxonomy":"product_brand","embeddable":true,"href":"https:\/\/fifaa.ee\/en\/wp-json\/wp\/v2\/product_brand?post=34734"},{"taxonomy":"product_cat","embeddable":true,"href":"https:\/\/fifaa.ee\/en\/wp-json\/wp\/v2\/product_cat?post=34734"},{"taxonomy":"product_tag","embeddable":true,"href":"https:\/\/fifaa.ee\/en\/wp-json\/wp\/v2\/product_tag?post=34734"}],"curies":[{"name":"wp","href":"https:\/\/api.w.org\/{rel}","templated":true}]}}