{"id":35121,"date":"2025-01-28T16:46:55","date_gmt":"2025-01-28T14:46:55","guid":{"rendered":"https:\/\/fifaa.ee\/?post_type=product&#038;p=35121"},"modified":"2026-04-01T18:52:59","modified_gmt":"2026-04-01T15:52:59","slug":"iqoniq-koli-laste-kerge-taaskasutatud-puuvillast-t-sark","status":"publish","type":"product","link":"https:\/\/fifaa.ee\/en\/product\/iqoniq-koli-laste-kerge-taaskasutatud-puuvillast-t-sark\/","title":{"rendered":"Iqoniq Koli, Kids, Recycled Cotton T-Shirt"},"content":{"rendered":"<ul>\n<li>The children&#039;s t-shirt is made of 100% cotton, of which 30% is recycled and 70% is organic. Grammage 160 G\/M\u00b2.<\/li>\n<li>The T-shirt has a ribbed, tightened neckline.<\/li>\n<li>The use of recycled and organic fabrics and the size of the environmental impact are verified using AWARE\u2122 technology. By scanning the QR code on the product label, you can access a special digital passport for the product.<\/li>\n<li>2% from the proceeds of every product sold is donated to Water.org.<\/li>\n<li>This product is OEKO-TEX\u00ae STANDARD 100 2303045 Centexbel certified.<\/li>\n<li>Due to the technological nature of recycled materials, color changes may occur in the print. When recycling fabrics, it is not possible to ensure that 100% polyester and nylon pieces are sorted out. This means that these pieces remaining in the product may cause color migration to the print being made.<\/li>\n<\/ul>","protected":false},"excerpt":{"rendered":"<p>Laste t-s\u00e4rk on valmistatud 100% puuvillast, millest 30% taaskasutatud ja 70% orgaaniline. Grammkaal 160 G\/M\u00b2. T-s\u00e4rgil on soonikuga pingutatud kaelus. Taaskasutatud ja orgaaniliste kangamaterjalide kasutamine ja keskkonnam\u00f5ju suurus on kontrollitav kasutades AWARE\u2122 tehnoloogiat. Toote sildil olevat QR-koodi skannides saate juurdep\u00e4\u00e4su toote spetsiaalsele digitaalsele passile. 2% iga m\u00fc\u00fcdud toote tulust annetatakse veebisaidile Water.org. Sellel tootel on [&hellip;]<\/p>\n","protected":false},"featured_media":35152,"template":"","meta":{"_acf_changed":false},"product_brand":[],"product_cat":[222,225],"product_tag":[659],"class_list":{"0":"post-35121","1":"product","2":"type-product","3":"status-publish","4":"has-post-thumbnail","6":"product_cat-sargid","7":"product_cat-t-sark","8":"product_tag-more-colors","9":"pa_suurus-11-12","10":"pa_suurus-13-14","11":"pa_suurus-3-4-2","12":"pa_suurus-5-6-2","13":"pa_suurus-7-8-2","14":"pa_suurus-9-10","15":"pa_varv-hall","16":"pa_varv-kollane","17":"pa_varv-must","18":"pa_varv-oranz","19":"pa_varv-punane","20":"pa_varv-roheline","21":"pa_varv-roosa","22":"pa_varv-sinine","23":"pa_varv-valge-new","25":"first","26":"instock","27":"taxable","28":"shipping-taxable","29":"purchasable","30":"product-type-variable","31":"has-default-attributes"},"acf":[],"_links":{"self":[{"href":"https:\/\/fifaa.ee\/en\/wp-json\/wp\/v2\/product\/35121","targetHints":{"allow":["GET"]}}],"collection":[{"href":"https:\/\/fifaa.ee\/en\/wp-json\/wp\/v2\/product"}],"about":[{"href":"https:\/\/fifaa.ee\/en\/wp-json\/wp\/v2\/types\/product"}],"wp:featuredmedia":[{"embeddable":true,"href":"https:\/\/fifaa.ee\/en\/wp-json\/wp\/v2\/media\/35152"}],"wp:attachment":[{"href":"https:\/\/fifaa.ee\/en\/wp-json\/wp\/v2\/media?parent=35121"}],"wp:term":[{"taxonomy":"product_brand","embeddable":true,"href":"https:\/\/fifaa.ee\/en\/wp-json\/wp\/v2\/product_brand?post=35121"},{"taxonomy":"product_cat","embeddable":true,"href":"https:\/\/fifaa.ee\/en\/wp-json\/wp\/v2\/product_cat?post=35121"},{"taxonomy":"product_tag","embeddable":true,"href":"https:\/\/fifaa.ee\/en\/wp-json\/wp\/v2\/product_tag?post=35121"}],"curies":[{"name":"wp","href":"https:\/\/api.w.org\/{rel}","templated":true}]}}