{"id":35634,"date":"2025-01-28T16:51:48","date_gmt":"2025-01-28T14:51:48","guid":{"rendered":"https:\/\/fifaa.ee\/?post_type=product&#038;p=35634"},"modified":"2026-04-01T19:02:20","modified_gmt":"2026-04-01T16:02:20","slug":"iqoniq-manuel-taaskasutatud-puuvillast-t-sark-varvimata","status":"publish","type":"product","link":"https:\/\/fifaa.ee\/en\/product\/iqoniq-manuel-taaskasutatud-puuvillast-t-sark-varvimata\/","title":{"rendered":"Iqoniq Manuel, Unisex Recycled Cotton T-Shirt, Undyed"},"content":{"rendered":"<ul>\n<li>Unisex classic t-shirt made of 100% cotton, of which 50% recycled and 50% organic. Grammage 180 G\/M\u00b2.<\/li>\n<li>The undyed shirt is made from a blend of recycled cotton and organic cotton, creating a beautiful m\u00e9lange effect.<\/li>\n<li>The T-shirt has a crew neck and short sleeves.<\/li>\n<li>The use of recycled and organic fabrics and the size of the environmental impact are verified using AWARE\u2122 technology. By scanning the QR code on the product label, you can access a special digital passport for the product.<\/li>\n<li>2% from the proceeds of every product sold is donated to Water.org.<\/li>\n<li>This product is OEKO-TEX\u00ae STANDARD 100 2303045 Centexbel certified.<\/li>\n<li>Due to the technological nature of recycled materials, color changes may occur in the print. When recycling fabrics, it is not possible to ensure that 100% polyester and nylon pieces are sorted out. This means that these pieces remaining in the product may cause color migration to the print being made.<\/li>\n<\/ul>","protected":false},"excerpt":{"rendered":"<p>Unisex klassikaline t-s\u00e4rk on valmistatud 100% puuvillast, millest 50% taaskasutatud ja 50% orgaaniline. Grammkaal 180 G\/M\u00b2. V\u00e4rvimata s\u00e4rgi tootmiseks on segatud \u00fcmbert\u00f6\u00f6deldud puuvill orgaanilise puuvillaga. Tulemuseks kaunis m\u00e9lange efekt T-s\u00e4rgil on pingutatud kaelus ja l\u00fchikesed varrukad. Taaskasutatud ja orgaaniliste kangamaterjalide kasutamine ja keskkonnam\u00f5ju suurus on kontrollitav kasutades AWARE\u2122 tehnoloogiat. Toote sildil olevat QR-koodi skannides saate [&hellip;]<\/p>\n","protected":false},"featured_media":35667,"template":"","meta":{"_acf_changed":false},"product_brand":[],"product_cat":[222,225],"product_tag":[659],"class_list":{"0":"post-35634","1":"product","2":"type-product","3":"status-publish","4":"has-post-thumbnail","6":"product_cat-sargid","7":"product_cat-t-sark","8":"product_tag-more-colors","9":"pa_suurus-4xl","10":"pa_suurus-5xl","11":"pa_suurus-l","12":"pa_suurus-m","13":"pa_suurus-s","14":"pa_suurus-xl","15":"pa_suurus-xs","16":"pa_suurus-xxl","17":"pa_suurus-xxs","18":"pa_suurus-xxxl","19":"pa_varv-hall","20":"pa_varv-pruun","21":"pa_varv-roheline","22":"pa_varv-sinine","23":"pa_varv-valge-new","25":"first","26":"instock","27":"taxable","28":"shipping-taxable","29":"purchasable","30":"product-type-variable","31":"has-default-attributes"},"acf":[],"_links":{"self":[{"href":"https:\/\/fifaa.ee\/en\/wp-json\/wp\/v2\/product\/35634","targetHints":{"allow":["GET"]}}],"collection":[{"href":"https:\/\/fifaa.ee\/en\/wp-json\/wp\/v2\/product"}],"about":[{"href":"https:\/\/fifaa.ee\/en\/wp-json\/wp\/v2\/types\/product"}],"wp:featuredmedia":[{"embeddable":true,"href":"https:\/\/fifaa.ee\/en\/wp-json\/wp\/v2\/media\/35667"}],"wp:attachment":[{"href":"https:\/\/fifaa.ee\/en\/wp-json\/wp\/v2\/media?parent=35634"}],"wp:term":[{"taxonomy":"product_brand","embeddable":true,"href":"https:\/\/fifaa.ee\/en\/wp-json\/wp\/v2\/product_brand?post=35634"},{"taxonomy":"product_cat","embeddable":true,"href":"https:\/\/fifaa.ee\/en\/wp-json\/wp\/v2\/product_cat?post=35634"},{"taxonomy":"product_tag","embeddable":true,"href":"https:\/\/fifaa.ee\/en\/wp-json\/wp\/v2\/product_tag?post=35634"}],"curies":[{"name":"wp","href":"https:\/\/api.w.org\/{rel}","templated":true}]}}