{"id":35713,"date":"2025-01-28T16:52:29","date_gmt":"2025-01-28T14:52:29","guid":{"rendered":"https:\/\/fifaa.ee\/?post_type=product&#038;p=35713"},"modified":"2026-04-01T19:03:49","modified_gmt":"2026-04-01T16:03:49","slug":"iqoniq-tikal-taaskasutatud-poluestrist-kiiresti-kuivav-spordisark","status":"publish","type":"product","link":"https:\/\/fifaa.ee\/en\/product\/iqoniq-tikal-taaskasutatud-poluestrist-kiiresti-kuivav-spordisark\/","title":{"rendered":"Iqoniq Tikal, Unisex Recycled Polyester Sweatshirt"},"content":{"rendered":"<ul>\n<li>Unisex sports shirt made of 100% post-consumer recycled polyester. Grammage 150 G\/M\u00b2<\/li>\n<li>The material dries quickly, making the shirt suitable for all sports.<\/li>\n<li>The T-shirt has raglan sleeves and a round neckline.<\/li>\n<li>The use of recycled and organic fabrics and the size of the environmental impact are verified using AWARE\u2122 technology. By scanning the QR code on the product label, you can access a special digital passport for the product.<\/li>\n<li>2% of the proceeds from every product sold will be donated to Water.org<\/li>\n<li>This product is OEKO-TEX\u00ae STANDARD 100 2303045 Centexbel certified<\/li>\n<li>Due to the technological nature of recycled materials, color changes may occur in the print. When recycling fabrics, it is not possible to ensure that 100% polyester and nylon pieces are sorted out. This means that these pieces remaining in the product may cause color migration to the print being made.<\/li>\n<\/ul>","protected":false},"excerpt":{"rendered":"<p>Unisex spordis\u00e4rk on valmistatud 100% tarbimisj\u00e4rgsest taaskasutatud pol\u00fcestrist. Grammkaal 150 G\/M\u00b2 Materjal on kiiresti kuivav ning muudab s\u00e4rgi seel\u00e4bi sobivaks k\u00f5igi spordialade jaoks T-s\u00e4rgil on raglaanvarrukad ja \u00fcmar kaelus Taaskasutatud ja orgaaniliste kangamaterjalide kasutamine ja keskkonnam\u00f5ju suurus on kontrollitav kasutades AWARE\u2122 tehnoloogiat. Toote sildil olevat QR-koodi skannides saate juurdep\u00e4\u00e4su toote spetsiaalsele digitaalsele passile. 2% iga [&hellip;]<\/p>\n","protected":false},"featured_media":35766,"template":"","meta":{"_acf_changed":false},"product_brand":[],"product_cat":[222,259],"product_tag":[659],"class_list":{"0":"post-35713","1":"product","2":"type-product","3":"status-publish","4":"has-post-thumbnail","6":"product_cat-sargid","7":"product_cat-spordisark","8":"product_tag-more-colors","9":"pa_suurus-4xl","10":"pa_suurus-5xl","11":"pa_suurus-l","12":"pa_suurus-m","13":"pa_suurus-s","14":"pa_suurus-xl","15":"pa_suurus-xs","16":"pa_suurus-xxl","17":"pa_suurus-xxxl","18":"pa_varv-hall","19":"pa_varv-must","20":"pa_varv-roheline","21":"pa_varv-sinine","22":"pa_varv-valge-new","24":"first","25":"instock","26":"taxable","27":"shipping-taxable","28":"purchasable","29":"product-type-variable","30":"has-default-attributes"},"acf":[],"_links":{"self":[{"href":"https:\/\/fifaa.ee\/en\/wp-json\/wp\/v2\/product\/35713","targetHints":{"allow":["GET"]}}],"collection":[{"href":"https:\/\/fifaa.ee\/en\/wp-json\/wp\/v2\/product"}],"about":[{"href":"https:\/\/fifaa.ee\/en\/wp-json\/wp\/v2\/types\/product"}],"wp:featuredmedia":[{"embeddable":true,"href":"https:\/\/fifaa.ee\/en\/wp-json\/wp\/v2\/media\/35766"}],"wp:attachment":[{"href":"https:\/\/fifaa.ee\/en\/wp-json\/wp\/v2\/media?parent=35713"}],"wp:term":[{"taxonomy":"product_brand","embeddable":true,"href":"https:\/\/fifaa.ee\/en\/wp-json\/wp\/v2\/product_brand?post=35713"},{"taxonomy":"product_cat","embeddable":true,"href":"https:\/\/fifaa.ee\/en\/wp-json\/wp\/v2\/product_cat?post=35713"},{"taxonomy":"product_tag","embeddable":true,"href":"https:\/\/fifaa.ee\/en\/wp-json\/wp\/v2\/product_tag?post=35713"}],"curies":[{"name":"wp","href":"https:\/\/api.w.org\/{rel}","templated":true}]}}