{"id":36414,"date":"2025-01-28T16:59:14","date_gmt":"2025-01-28T14:59:14","guid":{"rendered":"https:\/\/fifaa.ee\/?post_type=product&#038;p=36414"},"modified":"2026-04-16T01:35:44","modified_gmt":"2026-04-15T22:35:44","slug":"iqoniq-teide-taaskasutatud-puuvillast-t-sark","status":"publish","type":"product","link":"https:\/\/fifaa.ee\/en\/product\/iqoniq-teide-taaskasutatud-puuvillast-t-sark\/","title":{"rendered":"Iqoniq Teide, Unisex Recycled Cotton T-Shirt, Boxy Fit"},"content":{"rendered":"<ul>\n<li>Unisex boxy fit t-shirt made of 100% cotton, 50% recycled and 50% organic. Weight 180 G\/M\u00b2.<\/li>\n<li>The T-shirt has a ribbed neckline and a slightly shorter body length.<\/li>\n<li>The use of recycled and organic fabrics and the size of the environmental impact are verified using AWARE\u2122 technology. By scanning the QR code on the product label, you can access a special digital passport for the product.<\/li>\n<li>2% from the proceeds of every product sold is donated to Water.org.<\/li>\n<li>This product is OEKO-TEX\u00ae STANDARD 100 2303045 Centexbel certified.<\/li>\n<li>Due to the technological nature of recycled materials, color changes may occur in the print. When recycling fabrics, it is not possible to ensure that 100% polyester and nylon pieces are sorted out. This means that these pieces remaining in the product may cause color migration to the print being made.<\/li>\n<\/ul>\n<p>&nbsp;<\/p>","protected":false},"excerpt":{"rendered":"<p>Unisex boxy fit t-s\u00e4rk on valmistatud 100% puuvillast, millest 50% taaskasutatud ja 50% orgaaniline. Grammkaal 180 G\/M\u00b2. T-s\u00e4rgil on soonikuga kaelus ja veidi l\u00fchem kehapikkus. Taaskasutatud ja orgaaniliste kangamaterjalide kasutamine ja keskkonnam\u00f5ju suurus on kontrollitav kasutades AWARE\u2122 tehnoloogiat. Toote sildil olevat QR-koodi skannides saate juurdep\u00e4\u00e4su toote spetsiaalsele digitaalsele passile. 2% iga m\u00fc\u00fcdud toote tulust annetatakse [&hellip;]<\/p>\n","protected":false},"featured_media":36455,"template":"","meta":{"_acf_changed":false},"product_brand":[],"product_cat":[222,225],"product_tag":[659],"class_list":{"0":"post-36414","1":"product","2":"type-product","3":"status-publish","4":"has-post-thumbnail","6":"product_cat-sargid","7":"product_cat-t-sark","8":"product_tag-more-colors","9":"pa_suurus-4xl","10":"pa_suurus-5xl","11":"pa_suurus-l","12":"pa_suurus-m","13":"pa_suurus-s","14":"pa_suurus-xl","15":"pa_suurus-xs","16":"pa_suurus-xxl","17":"pa_suurus-xxs","18":"pa_suurus-xxxl","19":"pa_varv-hall","20":"pa_varv-must","21":"pa_varv-roheline","22":"pa_varv-roosa","23":"pa_varv-sinine","24":"pa_varv-valge-new","26":"first","27":"instock","28":"taxable","29":"shipping-taxable","30":"purchasable","31":"product-type-variable","32":"has-default-attributes"},"acf":[],"_links":{"self":[{"href":"https:\/\/fifaa.ee\/en\/wp-json\/wp\/v2\/product\/36414","targetHints":{"allow":["GET"]}}],"collection":[{"href":"https:\/\/fifaa.ee\/en\/wp-json\/wp\/v2\/product"}],"about":[{"href":"https:\/\/fifaa.ee\/en\/wp-json\/wp\/v2\/types\/product"}],"wp:featuredmedia":[{"embeddable":true,"href":"https:\/\/fifaa.ee\/en\/wp-json\/wp\/v2\/media\/36455"}],"wp:attachment":[{"href":"https:\/\/fifaa.ee\/en\/wp-json\/wp\/v2\/media?parent=36414"}],"wp:term":[{"taxonomy":"product_brand","embeddable":true,"href":"https:\/\/fifaa.ee\/en\/wp-json\/wp\/v2\/product_brand?post=36414"},{"taxonomy":"product_cat","embeddable":true,"href":"https:\/\/fifaa.ee\/en\/wp-json\/wp\/v2\/product_cat?post=36414"},{"taxonomy":"product_tag","embeddable":true,"href":"https:\/\/fifaa.ee\/en\/wp-json\/wp\/v2\/product_tag?post=36414"}],"curies":[{"name":"wp","href":"https:\/\/api.w.org\/{rel}","templated":true}]}}