{"id":37116,"date":"2025-01-28T17:05:55","date_gmt":"2025-01-28T15:05:55","guid":{"rendered":"https:\/\/fifaa.ee\/?post_type=product&#038;p=37116"},"modified":"2026-04-01T19:35:48","modified_gmt":"2026-04-01T16:35:48","slug":"iqoniq-yosemite-taaskasutatud-puuvillast-pique-polo","status":"publish","type":"product","link":"https:\/\/fifaa.ee\/en\/product\/iqoniq-yosemite-taaskasutatud-puuvillast-pique-polo\/","title":{"rendered":"Iqoniq Yosemite recycled cotton pique polo"},"content":{"rendered":"<p>Unisex medium fit polo shirt made of 100% cotton, 50% recycled and 50% organic, 220 G\/M\u00b2. The polo has a front fastening with two matching colour buttons and 1x1 flat rib. The use of genuine recycled and organic fabric materials and environmental claims are guaranteed using AWARE\u2122 disruptive physical tracking and blockchain technology. By scanning the QR code you can access the product&#039;s special digital passport. 2% of the proceeds from each product sold is donated to Water.org. This product is certified to OEKO-TEX\u00ae STANDARD 100 2303045 Centexbel. Due to the nature of the recycled yarns, impurities and colour variations may occur.<\/p>","protected":false},"excerpt":{"rendered":"<p>Unisex keskmise sobivusega pikeepolo, mis on valmistatud 100% puuvillast, millest 50% on taaskasutatud ja 50% orgaaniline, 220 G\/M\u00b2. Polol on kahe sobivat v\u00e4rvi n\u00f6\u00f6biga esikinnitus ja 1&#215;1 lame soonik. Ehtsate taaskasutatud ja orgaaniliste kangamaterjalide kasutamine ja keskkonnam\u00f5ju v\u00e4ited on tagatud, kasutades AWARE\u2122 h\u00e4irivat f\u00fc\u00fcsilist j\u00e4litusainet ja plokiahela tehnoloogiat. QR-koodi skannides saate juurdep\u00e4\u00e4su toote spetsiaalsele digitaalsele [&hellip;]<\/p>\n","protected":false},"featured_media":37155,"template":"","meta":{"_acf_changed":false},"product_brand":[],"product_cat":[272,222],"product_tag":[659],"class_list":{"0":"post-37116","1":"product","2":"type-product","3":"status-publish","4":"has-post-thumbnail","6":"product_cat-polo","7":"product_cat-sargid","8":"product_tag-more-colors","9":"pa_suurus-4xl","10":"pa_suurus-5xl","11":"pa_suurus-l","12":"pa_suurus-m","13":"pa_suurus-s","14":"pa_suurus-xl","15":"pa_suurus-xs","16":"pa_suurus-xxl","17":"pa_suurus-xxs","18":"pa_suurus-xxxl","19":"pa_varv-hall","20":"pa_varv-must","21":"pa_varv-oranz","22":"pa_varv-pruun","23":"pa_varv-punane","24":"pa_varv-roheline","25":"pa_varv-roosa","26":"pa_varv-sinine","27":"pa_varv-valge-new","29":"first","30":"instock","31":"taxable","32":"shipping-taxable","33":"purchasable","34":"product-type-variable","35":"has-default-attributes"},"acf":[],"_links":{"self":[{"href":"https:\/\/fifaa.ee\/en\/wp-json\/wp\/v2\/product\/37116","targetHints":{"allow":["GET"]}}],"collection":[{"href":"https:\/\/fifaa.ee\/en\/wp-json\/wp\/v2\/product"}],"about":[{"href":"https:\/\/fifaa.ee\/en\/wp-json\/wp\/v2\/types\/product"}],"wp:featuredmedia":[{"embeddable":true,"href":"https:\/\/fifaa.ee\/en\/wp-json\/wp\/v2\/media\/37155"}],"wp:attachment":[{"href":"https:\/\/fifaa.ee\/en\/wp-json\/wp\/v2\/media?parent=37116"}],"wp:term":[{"taxonomy":"product_brand","embeddable":true,"href":"https:\/\/fifaa.ee\/en\/wp-json\/wp\/v2\/product_brand?post=37116"},{"taxonomy":"product_cat","embeddable":true,"href":"https:\/\/fifaa.ee\/en\/wp-json\/wp\/v2\/product_cat?post=37116"},{"taxonomy":"product_tag","embeddable":true,"href":"https:\/\/fifaa.ee\/en\/wp-json\/wp\/v2\/product_tag?post=37116"}],"curies":[{"name":"wp","href":"https:\/\/api.w.org\/{rel}","templated":true}]}}