{"id":384026,"date":"2026-04-01T22:22:29","date_gmt":"2026-04-01T19:22:29","guid":{"rendered":"https:\/\/fifaa.ee\/?post_type=product&#038;p=384026"},"modified":"2026-04-02T00:35:08","modified_gmt":"2026-04-01T21:35:08","slug":"nordic-drift-trail-23-aware-rpet-auto-open-close-upf-50-p","status":"publish","type":"product","link":"https:\/\/fifaa.ee\/en\/product\/nordic-drift-trail-23-aware-rpet-auto-open-close-upf-50-p\/","title":{"rendered":"Nordic Drift Trail 23\u2032 AWARE\u2122 RPET Auto open Close UPF 50+ p"},"content":{"rendered":"<p>The Nordic Drift Trail 23\u2032 AWARE\u2122 RPET Umbrella offers UPF 50+ sun and storm protection in a durable, eco-friendly design. Made from 100% rPET 190T with AWARE\u2122 tracer, steel shaft, fiberglass ribs (8 panels), and auto open\/close function. Compact (31.5\u00d7\u00d87 cm folded, canopy \u00d8116 cm, 376 g) with EVA handle, adjustable strap, metal tip, and reflective Nordic Drift logo. Includes pouch and full traceability via DPP QR-codes. Each item includes a premium FSC\u00ae-certified hangtag with detailed information, making it a responsible choice\u2014for you and the planet. All Nordic Drift products are tested for quality. Because we strongly believe in the performance and durability of our gear, every item is backed by a 5-year warranty on manufacturing defects.<\/p>","protected":false},"excerpt":{"rendered":"<p>The Nordic Drift Trail 23&#8242; AWARE\u2122 RPET Umbrella offers UPF 50+ sun and storm protection in a durable, eco-friendly design. Made from 100% rPET 190T with AWARE\u2122 tracer, steel shaft, fibreglass ribs (8 panels), and auto open\/close function. Compact (31.5\u00d7\u00d87 cm folded, canopy \u00d8116 cm, 376\u202fg) with EVA handle, adjustable strap, metal tip, and reflective [&hellip;]<\/p>\n","protected":false},"featured_media":384161,"template":"","meta":{"_acf_changed":false},"product_brand":[],"product_cat":[713,611],"product_tag":[],"class_list":{"0":"post-384026","1":"product","2":"type-product","3":"status-publish","4":"has-post-thumbnail","6":"product_cat-muud-aksessuaarid","7":"product_cat-vihmavarjud","8":"pa_brand-nordic-drift","9":"pa_varv-must","11":"first","12":"instock","13":"taxable","14":"shipping-taxable","15":"purchasable","16":"product-type-variable","17":"has-default-attributes"},"acf":[],"_links":{"self":[{"href":"https:\/\/fifaa.ee\/en\/wp-json\/wp\/v2\/product\/384026","targetHints":{"allow":["GET"]}}],"collection":[{"href":"https:\/\/fifaa.ee\/en\/wp-json\/wp\/v2\/product"}],"about":[{"href":"https:\/\/fifaa.ee\/en\/wp-json\/wp\/v2\/types\/product"}],"wp:featuredmedia":[{"embeddable":true,"href":"https:\/\/fifaa.ee\/en\/wp-json\/wp\/v2\/media\/384161"}],"wp:attachment":[{"href":"https:\/\/fifaa.ee\/en\/wp-json\/wp\/v2\/media?parent=384026"}],"wp:term":[{"taxonomy":"product_brand","embeddable":true,"href":"https:\/\/fifaa.ee\/en\/wp-json\/wp\/v2\/product_brand?post=384026"},{"taxonomy":"product_cat","embeddable":true,"href":"https:\/\/fifaa.ee\/en\/wp-json\/wp\/v2\/product_cat?post=384026"},{"taxonomy":"product_tag","embeddable":true,"href":"https:\/\/fifaa.ee\/en\/wp-json\/wp\/v2\/product_tag?post=384026"}],"curies":[{"name":"wp","href":"https:\/\/api.w.org\/{rel}","templated":true}]}}