{"id":38756,"date":"2025-01-28T17:21:39","date_gmt":"2025-01-28T15:21:39","guid":{"rendered":"https:\/\/fifaa.ee\/?post_type=product&#038;p=38756"},"modified":"2026-04-01T20:02:01","modified_gmt":"2026-04-01T17:02:01","slug":"iqoniq-torres-taaskasutatud-puuvillast-kapuuts-varvimata","status":"publish","type":"product","link":"https:\/\/fifaa.ee\/en\/product\/iqoniq-torres-taaskasutatud-puuvillast-kapuuts-varvimata\/","title":{"rendered":"Iqoniq Torres, Unisex Hoodie, Unpainted"},"content":{"rendered":"<ul>\n<li>Unisex fashionable and extremely practical hooded sweatshirt with side pockets, made of 50% recycled and 50% organic cotton. Weight 340 G\/M\u00b2.<\/li>\n<li>The undyed sweatshirt is made by mixing recycled cotton with organic cotton. The result is a beautiful m\u00e9lange effect.<\/li>\n<li>Ribbed sleeves and bottom hem<\/li>\n<li>The use of recycled and organic fabrics and the size of the environmental impact are verified using AWARE\u2122 technology. By scanning the QR code on the product label, you can access a special digital passport for the product.<\/li>\n<li>2% from the proceeds of every product sold is donated to Water.org.<\/li>\n<li>This product is OEKO-TEX\u00ae STANDARD 100 2303045 Centexbel certified.<\/li>\n<li>Due to the technological nature of recycled materials, color changes may occur in the print. When recycling fabrics, it is not possible to ensure that 100% polyester and nylon pieces are sorted out. This means that these pieces remaining in the product may cause color migration to the print being made.<\/li>\n<\/ul>\n<p>&nbsp;<\/p>","protected":false},"excerpt":{"rendered":"<p>Unisex moodne ja \u00fclipraktiliste k\u00fcljetaskutega kapuutsiga pusa, mis on valmistatud 50% on taaskasutatud ja 50% orgaanilisest puuvillast. Grammkaal 340 G\/M\u00b2. V\u00e4rvimata pusa tootmiseks on segatud \u00fcmbert\u00f6\u00f6deldud puuvill orgaanilise puuvillaga. Tulemuseks kaunis m\u00e9lange efekt Soonikuga varrukad ning pusa alumine \u00e4\u00e4r Taaskasutatud ja orgaaniliste kangamaterjalide kasutamine ja keskkonnam\u00f5ju suurus on kontrollitav kasutades AWARE\u2122 tehnoloogiat. Toote sildil olevat [&hellip;]<\/p>\n","protected":false},"featured_media":38807,"template":"","meta":{"_acf_changed":false},"product_brand":[],"product_cat":[311,227],"product_tag":[659],"class_list":{"0":"post-38756","1":"product","2":"type-product","3":"status-publish","4":"has-post-thumbnail","6":"product_cat-kapuutsiga-pusa","7":"product_cat-pusad","8":"product_tag-more-colors","9":"pa_suurus-4xl","10":"pa_suurus-5xl","11":"pa_suurus-l","12":"pa_suurus-m","13":"pa_suurus-s","14":"pa_suurus-xl","15":"pa_suurus-xs","16":"pa_suurus-xxl","17":"pa_suurus-xxs","18":"pa_suurus-xxxl","19":"pa_varv-hall","20":"pa_varv-pruun","21":"pa_varv-roheline","22":"pa_varv-sinine","23":"pa_varv-valge-new","25":"first","26":"instock","27":"taxable","28":"shipping-taxable","29":"purchasable","30":"product-type-variable","31":"has-default-attributes"},"acf":[],"_links":{"self":[{"href":"https:\/\/fifaa.ee\/en\/wp-json\/wp\/v2\/product\/38756","targetHints":{"allow":["GET"]}}],"collection":[{"href":"https:\/\/fifaa.ee\/en\/wp-json\/wp\/v2\/product"}],"about":[{"href":"https:\/\/fifaa.ee\/en\/wp-json\/wp\/v2\/types\/product"}],"wp:featuredmedia":[{"embeddable":true,"href":"https:\/\/fifaa.ee\/en\/wp-json\/wp\/v2\/media\/38807"}],"wp:attachment":[{"href":"https:\/\/fifaa.ee\/en\/wp-json\/wp\/v2\/media?parent=38756"}],"wp:term":[{"taxonomy":"product_brand","embeddable":true,"href":"https:\/\/fifaa.ee\/en\/wp-json\/wp\/v2\/product_brand?post=38756"},{"taxonomy":"product_cat","embeddable":true,"href":"https:\/\/fifaa.ee\/en\/wp-json\/wp\/v2\/product_cat?post=38756"},{"taxonomy":"product_tag","embeddable":true,"href":"https:\/\/fifaa.ee\/en\/wp-json\/wp\/v2\/product_tag?post=38756"}],"curies":[{"name":"wp","href":"https:\/\/api.w.org\/{rel}","templated":true}]}}