{"id":38905,"date":"2025-01-28T17:23:19","date_gmt":"2025-01-28T15:23:19","guid":{"rendered":"https:\/\/fifaa.ee\/?post_type=product&#038;p=38905"},"modified":"2026-04-16T01:35:44","modified_gmt":"2026-04-15T22:35:44","slug":"iqoniq-yoho-taaskasutatud-puuvillast-lodvestunud-kapuuts","status":"publish","type":"product","link":"https:\/\/fifaa.ee\/en\/product\/iqoniq-yoho-taaskasutatud-puuvillast-lodvestunud-kapuuts\/","title":{"rendered":"Iqoniq Yoho, Unisex Hoodie, Relaxed Fit"},"content":{"rendered":"<ul>\n<li>The product can be processed into new cotton products after the end of its life!<\/li>\n<li>Unisex hoodie made of 50% recycled and 50% organic cotton. Grammage 340 G\/M\u00b2.<\/li>\n<li>The relaxed-fit sweater is wider at the shoulders and sleeves<\/li>\n<li>Ribbed sleeves and bottom hem<\/li>\n<li>The use of recycled and organic fabrics and the size of the environmental impact are verified using AWARE\u2122 technology. By scanning the QR code on the product label, you can access a special digital passport for the product.<\/li>\n<li>2% from the proceeds of every product sold is donated to Water.org.<\/li>\n<li>This product is OEKO-TEX\u00ae STANDARD 100 2303045 Centexbel certified.<\/li>\n<li>Due to the technological nature of recycled materials, color changes may occur in the print. When recycling fabrics, it is not possible to ensure that 100% polyester and nylon pieces are sorted out. This means that these pieces remaining in the product may cause color migration to the print being made.<\/li>\n<\/ul>","protected":false},"excerpt":{"rendered":"<p>Toodet on p\u00e4rast eluea l\u00f5ppu v\u00f5imalik uuteks puuvillast toodeteks t\u00f6\u00f6delda! Unisex kapuutsiga pusa, mis on valmistatud 50% on taaskasutatud ja 50% orgaanilisest puuvillast. Grammkaal 340 G\/M\u00b2. L\u00f5ikelt relax-t\u00fc\u00fcpi pusa on \u00f5ladest ja varrukatest laiem Soonikuga varrukad ning pusa alumine \u00e4\u00e4r Taaskasutatud ja orgaaniliste kangamaterjalide kasutamine ja keskkonnam\u00f5ju suurus on kontrollitav kasutades AWARE\u2122 tehnoloogiat. Toote sildil [&hellip;]<\/p>\n","protected":false},"featured_media":38926,"template":"","meta":{"_acf_changed":false},"product_brand":[],"product_cat":[311,227],"product_tag":[659],"class_list":{"0":"post-38905","1":"product","2":"type-product","3":"status-publish","4":"has-post-thumbnail","6":"product_cat-kapuutsiga-pusa","7":"product_cat-pusad","8":"product_tag-more-colors","9":"pa_suurus-l","10":"pa_suurus-m","11":"pa_suurus-s","12":"pa_suurus-xl","13":"pa_suurus-xs","14":"pa_suurus-xxl","15":"pa_suurus-xxs","16":"pa_suurus-xxxl","17":"pa_varv-hall","18":"pa_varv-must","19":"pa_varv-oranz","20":"pa_varv-punane","21":"pa_varv-roheline","22":"pa_varv-roosa","23":"pa_varv-sinine","24":"pa_varv-valge-new","26":"first","27":"instock","28":"taxable","29":"shipping-taxable","30":"purchasable","31":"product-type-variable","32":"has-default-attributes"},"acf":[],"_links":{"self":[{"href":"https:\/\/fifaa.ee\/en\/wp-json\/wp\/v2\/product\/38905","targetHints":{"allow":["GET"]}}],"collection":[{"href":"https:\/\/fifaa.ee\/en\/wp-json\/wp\/v2\/product"}],"about":[{"href":"https:\/\/fifaa.ee\/en\/wp-json\/wp\/v2\/types\/product"}],"wp:featuredmedia":[{"embeddable":true,"href":"https:\/\/fifaa.ee\/en\/wp-json\/wp\/v2\/media\/38926"}],"wp:attachment":[{"href":"https:\/\/fifaa.ee\/en\/wp-json\/wp\/v2\/media?parent=38905"}],"wp:term":[{"taxonomy":"product_brand","embeddable":true,"href":"https:\/\/fifaa.ee\/en\/wp-json\/wp\/v2\/product_brand?post=38905"},{"taxonomy":"product_cat","embeddable":true,"href":"https:\/\/fifaa.ee\/en\/wp-json\/wp\/v2\/product_cat?post=38905"},{"taxonomy":"product_tag","embeddable":true,"href":"https:\/\/fifaa.ee\/en\/wp-json\/wp\/v2\/product_tag?post=38905"}],"curies":[{"name":"wp","href":"https:\/\/api.w.org\/{rel}","templated":true}]}}