{"id":39132,"date":"2025-01-28T17:25:38","date_gmt":"2025-01-28T15:25:38","guid":{"rendered":"https:\/\/fifaa.ee\/?post_type=product&#038;p=39132"},"modified":"2026-04-01T20:08:17","modified_gmt":"2026-04-01T17:08:17","slug":"iqoniq-trivor-taaskasutatud-poluestrist-mikrofliisist-kapuuts","status":"publish","type":"product","link":"https:\/\/fifaa.ee\/en\/product\/iqoniq-trivor-taaskasutatud-poluestrist-mikrofliisist-kapuuts\/","title":{"rendered":"Iqoniq Trivor Recycled Polyester Hooded Fleece"},"content":{"rendered":"<ul>\n<li>Unisex hooded fleece made from 100% recycled polyester. Grammage 240 G\/M\u00b2<\/li>\n<li>Fleece drawstring hood provides cozy warmth and softness<\/li>\n<li>Comfortable kangaroo pocket on the stomach<\/li>\n<li>The bottom hem and sleeves are separate details, ensuring extra softness and comfort when moving.<\/li>\n<li>The use of recycled and organic fabric materials and thus a lower environmental impact is verified using AWARE\u2122 technology. By scanning the QR code on the product label, you can access a special digital passport for the product<\/li>\n<li>2% of the proceeds from every product sold will be donated to Water.org<\/li>\n<li>This product is OEKO-TEX\u00ae STANDARD 100 certified<\/li>\n<\/ul>","protected":false},"excerpt":{"rendered":"<p>Unisex kapuutsiga fliis, mis on valmistatud 100% taaskasutatud pol\u00fcestrist. Grammkaal 240 G\/M\u00b2 Fliisist n\u00f6\u00f6riga kapuuts pakub m\u00f5nusat soojust ja pehmust K\u00f5hul mugav k\u00e4ngurutasku Alumine \u00e4\u00e4ra ning varrukad on eraldi detailidest, tagades lisapehmust ja mugavust liikumisel Taaskasutatud ja orgaaniliste kangamaterjalide kasutamine ja seel\u00e4bi v\u00e4iksem keskkonnam\u00f5ju on kontrollitav kasutades AWARE\u2122 tehnoloogiat. Toote sildil olevat QR-koodi skannides saate [&hellip;]<\/p>\n","protected":false},"featured_media":39167,"template":"","meta":{"_acf_changed":false},"product_brand":[],"product_cat":[653],"product_tag":[659],"class_list":{"0":"post-39132","1":"product","2":"type-product","3":"status-publish","4":"has-post-thumbnail","6":"product_cat-fliisid","7":"product_tag-more-colors","8":"pa_suurus-4xl","9":"pa_suurus-5xl","10":"pa_suurus-l","11":"pa_suurus-m","12":"pa_suurus-s","13":"pa_suurus-xl","14":"pa_suurus-xs","15":"pa_suurus-xxl","16":"pa_suurus-xxs","17":"pa_suurus-xxxl","18":"pa_varv-hall","19":"pa_varv-must","20":"pa_varv-roheline","21":"pa_varv-sinine","23":"first","24":"instock","25":"taxable","26":"shipping-taxable","27":"purchasable","28":"product-type-variable","29":"has-default-attributes"},"acf":[],"_links":{"self":[{"href":"https:\/\/fifaa.ee\/en\/wp-json\/wp\/v2\/product\/39132","targetHints":{"allow":["GET"]}}],"collection":[{"href":"https:\/\/fifaa.ee\/en\/wp-json\/wp\/v2\/product"}],"about":[{"href":"https:\/\/fifaa.ee\/en\/wp-json\/wp\/v2\/types\/product"}],"wp:featuredmedia":[{"embeddable":true,"href":"https:\/\/fifaa.ee\/en\/wp-json\/wp\/v2\/media\/39167"}],"wp:attachment":[{"href":"https:\/\/fifaa.ee\/en\/wp-json\/wp\/v2\/media?parent=39132"}],"wp:term":[{"taxonomy":"product_brand","embeddable":true,"href":"https:\/\/fifaa.ee\/en\/wp-json\/wp\/v2\/product_brand?post=39132"},{"taxonomy":"product_cat","embeddable":true,"href":"https:\/\/fifaa.ee\/en\/wp-json\/wp\/v2\/product_cat?post=39132"},{"taxonomy":"product_tag","embeddable":true,"href":"https:\/\/fifaa.ee\/en\/wp-json\/wp\/v2\/product_tag?post=39132"}],"curies":[{"name":"wp","href":"https:\/\/api.w.org\/{rel}","templated":true}]}}