{"id":391365,"date":"2026-04-02T13:51:52","date_gmt":"2026-04-02T10:51:52","guid":{"rendered":"https:\/\/fifaa.ee\/?post_type=product&#038;p=391365"},"modified":"2026-04-02T14:38:36","modified_gmt":"2026-04-02T11:38:36","slug":"core-essence-lumen-hat","status":"publish","type":"product","link":"https:\/\/fifaa.ee\/en\/product\/core-essence-lumen-hat\/","title":{"rendered":"CORE Essence Lumen Hat"},"content":{"rendered":"<p>Funktsionaalne treening m\u00fcts, mis on suurep\u00e4rane valik igasugusteks treeninguteks jahedates ja pimedates tingimustes. M\u00fcts on valmistatud venivast taaskasutatud d\u017eersikangast, millel on suurep\u00e4rane venivus ja kogu m\u00fctsi ulatuses reflektiivne tr\u00fckk.<br \/>\nKogu m\u00fctsi ulatuses reflektiivne tr\u00fckk<\/p>","protected":false},"excerpt":{"rendered":"<p>Funktsionaalne treening m\u00fcts, mis on suurep\u00e4rane valik igasugusteks treeninguteks jahedates ja pimedates tingimustes. M\u00fcts on valmistatud venivast taaskasutatud d\u017eersikangast, millel on suurep\u00e4rane venivus ja kogu m\u00fctsi ulatuses reflektiivne tr\u00fckk. Kogu m\u00fctsi ulatuses reflektiivne tr\u00fckk<\/p>","protected":false},"featured_media":391378,"template":"","meta":{"_acf_changed":false},"product_brand":[],"product_cat":[707,217],"product_tag":[],"class_list":{"0":"post-391365","1":"product","2":"type-product","3":"status-publish","4":"has-post-thumbnail","6":"product_cat-peakatted","7":"product_cat-mutsid","8":"pa_brand-craft","9":"pa_suurus-one-size","10":"pa_varv-must","12":"first","13":"instock","14":"taxable","15":"shipping-taxable","16":"purchasable","17":"product-type-variable","18":"has-default-attributes"},"acf":[],"_links":{"self":[{"href":"https:\/\/fifaa.ee\/en\/wp-json\/wp\/v2\/product\/391365","targetHints":{"allow":["GET"]}}],"collection":[{"href":"https:\/\/fifaa.ee\/en\/wp-json\/wp\/v2\/product"}],"about":[{"href":"https:\/\/fifaa.ee\/en\/wp-json\/wp\/v2\/types\/product"}],"wp:featuredmedia":[{"embeddable":true,"href":"https:\/\/fifaa.ee\/en\/wp-json\/wp\/v2\/media\/391378"}],"wp:attachment":[{"href":"https:\/\/fifaa.ee\/en\/wp-json\/wp\/v2\/media?parent=391365"}],"wp:term":[{"taxonomy":"product_brand","embeddable":true,"href":"https:\/\/fifaa.ee\/en\/wp-json\/wp\/v2\/product_brand?post=391365"},{"taxonomy":"product_cat","embeddable":true,"href":"https:\/\/fifaa.ee\/en\/wp-json\/wp\/v2\/product_cat?post=391365"},{"taxonomy":"product_tag","embeddable":true,"href":"https:\/\/fifaa.ee\/en\/wp-json\/wp\/v2\/product_tag?post=391365"}],"curies":[{"name":"wp","href":"https:\/\/api.w.org\/{rel}","templated":true}]}}