{"id":391884,"date":"2026-04-02T13:53:21","date_gmt":"2026-04-02T10:53:21","guid":{"rendered":"https:\/\/fifaa.ee\/?post_type=product&#038;p=391884"},"modified":"2026-04-02T14:38:35","modified_gmt":"2026-04-02T11:38:35","slug":"zip-puller-50-p","status":"publish","type":"product","link":"https:\/\/fifaa.ee\/en\/product\/zip-puller-50-p\/","title":{"rendered":"Zip puller 50-p"},"content":{"rendered":"<p>Lihtne t\u00f5mbluku t\u00f5mbaja, mis sobib erinevatele t\u00f5mblukuga mudelitele, et t\u00e4iendada ja kohandada oma stiili.<\/p>","protected":false},"excerpt":{"rendered":"<p>Lihtne t\u00f5mbluku t\u00f5mbaja, mis sobib erinevatele t\u00f5mblukuga mudelitele, et t\u00e4iendada ja kohandada oma stiili.<\/p>","protected":false},"featured_media":391897,"template":"","meta":{"_acf_changed":false},"product_brand":[],"product_cat":[840,713],"product_tag":[659],"class_list":{"0":"post-391884","1":"product","2":"type-product","3":"status-publish","4":"has-post-thumbnail","6":"product_cat-aksessuaarid","7":"product_cat-muud-aksessuaarid","8":"product_tag-more-colors","9":"pa_brand-clique","10":"pa_suurus-one-size","11":"pa_varv-must","12":"pa_varv-punane","13":"pa_varv-sinine","14":"pa_varv-valge-new","16":"first","17":"instock","18":"taxable","19":"shipping-taxable","20":"purchasable","21":"product-type-variable","22":"has-default-attributes"},"acf":[],"_links":{"self":[{"href":"https:\/\/fifaa.ee\/en\/wp-json\/wp\/v2\/product\/391884","targetHints":{"allow":["GET"]}}],"collection":[{"href":"https:\/\/fifaa.ee\/en\/wp-json\/wp\/v2\/product"}],"about":[{"href":"https:\/\/fifaa.ee\/en\/wp-json\/wp\/v2\/types\/product"}],"wp:featuredmedia":[{"embeddable":true,"href":"https:\/\/fifaa.ee\/en\/wp-json\/wp\/v2\/media\/391897"}],"wp:attachment":[{"href":"https:\/\/fifaa.ee\/en\/wp-json\/wp\/v2\/media?parent=391884"}],"wp:term":[{"taxonomy":"product_brand","embeddable":true,"href":"https:\/\/fifaa.ee\/en\/wp-json\/wp\/v2\/product_brand?post=391884"},{"taxonomy":"product_cat","embeddable":true,"href":"https:\/\/fifaa.ee\/en\/wp-json\/wp\/v2\/product_cat?post=391884"},{"taxonomy":"product_tag","embeddable":true,"href":"https:\/\/fifaa.ee\/en\/wp-json\/wp\/v2\/product_tag?post=391884"}],"curies":[{"name":"wp","href":"https:\/\/api.w.org\/{rel}","templated":true}]}}