{"id":39209,"date":"2025-01-28T17:26:19","date_gmt":"2025-01-28T15:26:19","guid":{"rendered":"https:\/\/fifaa.ee\/?post_type=product&#038;p=39209"},"modified":"2026-04-01T20:16:14","modified_gmt":"2026-04-01T17:16:14","slug":"iqoniq-rila-kerge-taaskasutatud-puuvillast-kapuuts","status":"publish","type":"product","link":"https:\/\/fifaa.ee\/en\/product\/iqoniq-rila-kerge-taaskasutatud-puuvillast-kapuuts\/","title":{"rendered":"Iqoniq Rila, Unisex Hoodie, Lightweight"},"content":{"rendered":"<ul>\n<li>Unisex fashionable and comfortable hoodie with kangaroo pocket, made of 30% recycled and 70% organic cotton. Grammage 280 G\/M\u00b2.<\/li>\n<li>Double-layer hood<\/li>\n<li>Ribbed sleeves and bottom hem<\/li>\n<li>The use of recycled and organic fabrics and the size of the environmental impact are verified using AWARE\u2122 technology. By scanning the QR code on the product label, you can access a special digital passport for the product.<\/li>\n<li>2% from the proceeds of every product sold is donated to Water.org.<\/li>\n<li>This product is OEKO-TEX\u00ae STANDARD 100 2303045 Centexbel certified.<\/li>\n<li>Due to the technological nature of recycled materials, color changes may occur in the print. When recycling fabrics, it is not possible to ensure that 100% polyester and nylon pieces are sorted out. This means that these pieces remaining in the product may cause color migration to the print being made.<\/li>\n<\/ul>","protected":false},"excerpt":{"rendered":"<p>Unisex moodne ja mugava k\u00e4ngurutaskuga kapuutsiga pusa, mis on valmistatud 30% on taaskasutatud ja 70% orgaanilisest puuvillast. Grammkaal 280 G\/M\u00b2. Kahekihiline kapuuts Soonikuga varrukad ning pusa alumine \u00e4\u00e4r Taaskasutatud ja orgaaniliste kangamaterjalide kasutamine ja keskkonnam\u00f5ju suurus on kontrollitav kasutades AWARE\u2122 tehnoloogiat. Toote sildil olevat QR-koodi skannides saate juurdep\u00e4\u00e4su toote spetsiaalsele digitaalsele passile. 2% iga m\u00fc\u00fcdud [&hellip;]<\/p>\n","protected":false},"featured_media":39236,"template":"","meta":{"_acf_changed":false},"product_brand":[],"product_cat":[311,227],"product_tag":[659],"class_list":{"0":"post-39209","1":"product","2":"type-product","3":"status-publish","4":"has-post-thumbnail","6":"product_cat-kapuutsiga-pusa","7":"product_cat-pusad","8":"product_tag-more-colors","9":"pa_suurus-4xl","10":"pa_suurus-5xl","11":"pa_suurus-l","12":"pa_suurus-m","13":"pa_suurus-s","14":"pa_suurus-xl","15":"pa_suurus-xs","16":"pa_suurus-xxl","17":"pa_suurus-xxs","18":"pa_suurus-xxxl","19":"pa_varv-hall","20":"pa_varv-kollane","21":"pa_varv-must","22":"pa_varv-oranz","23":"pa_varv-punane","24":"pa_varv-roheline","25":"pa_varv-roosa","26":"pa_varv-sinine","27":"pa_varv-valge-new","29":"first","30":"instock","31":"taxable","32":"shipping-taxable","33":"purchasable","34":"product-type-variable","35":"has-default-attributes"},"acf":[],"_links":{"self":[{"href":"https:\/\/fifaa.ee\/en\/wp-json\/wp\/v2\/product\/39209","targetHints":{"allow":["GET"]}}],"collection":[{"href":"https:\/\/fifaa.ee\/en\/wp-json\/wp\/v2\/product"}],"about":[{"href":"https:\/\/fifaa.ee\/en\/wp-json\/wp\/v2\/types\/product"}],"wp:featuredmedia":[{"embeddable":true,"href":"https:\/\/fifaa.ee\/en\/wp-json\/wp\/v2\/media\/39236"}],"wp:attachment":[{"href":"https:\/\/fifaa.ee\/en\/wp-json\/wp\/v2\/media?parent=39209"}],"wp:term":[{"taxonomy":"product_brand","embeddable":true,"href":"https:\/\/fifaa.ee\/en\/wp-json\/wp\/v2\/product_brand?post=39209"},{"taxonomy":"product_cat","embeddable":true,"href":"https:\/\/fifaa.ee\/en\/wp-json\/wp\/v2\/product_cat?post=39209"},{"taxonomy":"product_tag","embeddable":true,"href":"https:\/\/fifaa.ee\/en\/wp-json\/wp\/v2\/product_tag?post=39209"}],"curies":[{"name":"wp","href":"https:\/\/api.w.org\/{rel}","templated":true}]}}