{"id":393767,"date":"2026-04-02T14:00:12","date_gmt":"2026-04-02T11:00:12","guid":{"rendered":"https:\/\/fifaa.ee\/?post_type=product&#038;p=393767"},"modified":"2026-04-02T14:38:33","modified_gmt":"2026-04-02T11:38:33","slug":"active-extreme-x-rn-ss-w","status":"publish","type":"product","link":"https:\/\/fifaa.ee\/en\/product\/active-extreme-x-rn-ss-w\/","title":{"rendered":"Active Extreme X RN SS W"},"content":{"rendered":"<p>A base layer designed for fast-paced racing and high-intensity training in cool winter conditions.<br \/>\nThis high-performance product combines lightweight polyester, technology and recycled polyester to provide exceptional body temperature regulation during intense activities. The waffle-knit design provides additional moisture transport and comfort. Excellent stretch and an ergonomic fit ensure freedom of movement, while body-mapped mesh interior panels provide additional ventilation where it is needed most for body comfort. T<br \/>\nEcological fabric<br \/>\nThe fabrics are designed to optimize the body&#039;s natural temperature management in both cold and warm conditions. <\/p>\n<p>\u2022 Thin, light and elastic fabric<br \/>\n\u2022 Mesh panels in the armpits for additional ventilation<br \/>\n\u2022 Moisture transport: 5\/5<br \/>\n\u2022 Activity level: 5\/5<br \/>\n\u2022 Temperature: -5 \u00baC to +10 \u00baC<\/p>","protected":false},"excerpt":{"rendered":"<p>Aluskiht, mis on loodud kiireks v\u00f5istlemiseks ja k\u00f5rge intensiivsusega treeninguteks jahedates talvistes tingimustes. See k\u00f5rge j\u00f5udlusega toode \u00fchendab kerge pol\u00fcestri, tehnoloogia ja taaskasutatud pol\u00fcestri, et tagada erakorraline keha temperatuuri reguleerimine intensiivsete tegevuste ajal. Waffle-kootud disain pakub t\u00e4iendavat niiskuse transporti ja mugavust. Suurep\u00e4rane venivus ja ergonoomiline sobivus tagavad liikumisvabaduse, samas kui kehamugavuse tagamiseks pakuvad keha kaardistatud [&hellip;]<\/p>\n","protected":false},"featured_media":393771,"template":"","meta":{"_acf_changed":false},"product_brand":[],"product_cat":[696,860],"product_tag":[],"class_list":{"0":"post-393767","1":"product","2":"type-product","3":"status-publish","4":"has-post-thumbnail","6":"product_cat-muud-riided","7":"product_cat-soepesu","8":"pa_brand-craft","9":"pa_suurus-xs","10":"pa_suurus-s","11":"pa_suurus-m","12":"pa_suurus-l","13":"pa_suurus-xl","14":"pa_suurus-xxl","15":"pa_varv-must","17":"first","18":"instock","19":"taxable","20":"shipping-taxable","21":"purchasable","22":"product-type-variable","23":"has-default-attributes"},"acf":[],"_links":{"self":[{"href":"https:\/\/fifaa.ee\/en\/wp-json\/wp\/v2\/product\/393767","targetHints":{"allow":["GET"]}}],"collection":[{"href":"https:\/\/fifaa.ee\/en\/wp-json\/wp\/v2\/product"}],"about":[{"href":"https:\/\/fifaa.ee\/en\/wp-json\/wp\/v2\/types\/product"}],"wp:featuredmedia":[{"embeddable":true,"href":"https:\/\/fifaa.ee\/en\/wp-json\/wp\/v2\/media\/393771"}],"wp:attachment":[{"href":"https:\/\/fifaa.ee\/en\/wp-json\/wp\/v2\/media?parent=393767"}],"wp:term":[{"taxonomy":"product_brand","embeddable":true,"href":"https:\/\/fifaa.ee\/en\/wp-json\/wp\/v2\/product_brand?post=393767"},{"taxonomy":"product_cat","embeddable":true,"href":"https:\/\/fifaa.ee\/en\/wp-json\/wp\/v2\/product_cat?post=393767"},{"taxonomy":"product_tag","embeddable":true,"href":"https:\/\/fifaa.ee\/en\/wp-json\/wp\/v2\/product_tag?post=393767"}],"curies":[{"name":"wp","href":"https:\/\/api.w.org\/{rel}","templated":true}]}}