{"id":393768,"date":"2026-04-02T14:00:12","date_gmt":"2026-04-02T11:00:12","guid":{"rendered":"https:\/\/fifaa.ee\/?post_type=product&#038;p=393768"},"modified":"2026-04-02T14:38:33","modified_gmt":"2026-04-02T11:38:33","slug":"core-wool-merino-set-m","status":"publish","type":"product","link":"https:\/\/fifaa.ee\/en\/product\/core-wool-merino-set-m\/","title":{"rendered":"CORE Wool Merino Set M"},"content":{"rendered":"<p>An ideal choice for cold days, providing warmth and comfort throughout the day. The set includes a long-sleeved shirt and pants made from a soft merino wool and polyester blend that keeps you dry and warm, even during low to medium intensity activities.<\/p>\n<p>Merino wool and high-quality polyester provide excellent thermoregulation and warmth properties even in wet conditions. The soft and fine fibers provide a smooth and comfortable feel on the skin, making these garments ideal for alpine skiing, hiking and hunting.<\/p>\n<p>Features:<\/p>\n<p>Ergonomic cut for a perfect fit<\/p>\n<p>Naturally fragrance-free<\/p>","protected":false},"excerpt":{"rendered":"<p>Ideaalne valik k\u00fclmadeks p\u00e4evadeks, pakkudes soojust ja mugavust kogu p\u00e4eva jooksul. Komplekt sisaldab pikkade varrukatega s\u00e4rk ja p\u00fcksid, mis on valmistatud pehmest meriinovilla ja pol\u00fcestri segust, mis hoiab sind kuivana ja soojas, isegi madala kuni keskmise intensiivsusega tegevuste ajal. Meriinovill ja k\u00f5rgetasemeline pol\u00fcester tagavad suurep\u00e4rase termoregulatsiooni ja soojust tagavad omadused isegi niisketes tingimustes. Pehmed ja [&hellip;]<\/p>\n","protected":false},"featured_media":393779,"template":"","meta":{"_acf_changed":false},"product_brand":[],"product_cat":[696,860],"product_tag":[],"class_list":{"0":"post-393768","1":"product","2":"type-product","3":"status-publish","4":"has-post-thumbnail","6":"product_cat-muud-riided","7":"product_cat-soepesu","8":"pa_brand-craft","9":"pa_suurus-xs","10":"pa_suurus-s","11":"pa_suurus-m","12":"pa_suurus-l","13":"pa_suurus-xl","14":"pa_suurus-xxl","16":"first","17":"instock","18":"taxable","19":"shipping-taxable","20":"purchasable","21":"product-type-variable","22":"has-default-attributes"},"acf":[],"_links":{"self":[{"href":"https:\/\/fifaa.ee\/en\/wp-json\/wp\/v2\/product\/393768","targetHints":{"allow":["GET"]}}],"collection":[{"href":"https:\/\/fifaa.ee\/en\/wp-json\/wp\/v2\/product"}],"about":[{"href":"https:\/\/fifaa.ee\/en\/wp-json\/wp\/v2\/types\/product"}],"wp:featuredmedia":[{"embeddable":true,"href":"https:\/\/fifaa.ee\/en\/wp-json\/wp\/v2\/media\/393779"}],"wp:attachment":[{"href":"https:\/\/fifaa.ee\/en\/wp-json\/wp\/v2\/media?parent=393768"}],"wp:term":[{"taxonomy":"product_brand","embeddable":true,"href":"https:\/\/fifaa.ee\/en\/wp-json\/wp\/v2\/product_brand?post=393768"},{"taxonomy":"product_cat","embeddable":true,"href":"https:\/\/fifaa.ee\/en\/wp-json\/wp\/v2\/product_cat?post=393768"},{"taxonomy":"product_tag","embeddable":true,"href":"https:\/\/fifaa.ee\/en\/wp-json\/wp\/v2\/product_tag?post=393768"}],"curies":[{"name":"wp","href":"https:\/\/api.w.org\/{rel}","templated":true}]}}