{"id":394152,"date":"2026-04-02T14:01:28","date_gmt":"2026-04-02T11:01:28","guid":{"rendered":"https:\/\/fifaa.ee\/?post_type=product&#038;p=394152"},"modified":"2026-04-02T14:38:33","modified_gmt":"2026-04-02T11:38:33","slug":"classic-hoody-women","status":"publish","type":"product","link":"https:\/\/fifaa.ee\/en\/product\/classic-hoody-women\/","title":{"rendered":"Classic Hoodie Women"},"content":{"rendered":"<p>Hooded sweatshirt with a kangaroo pocket, which has a practical solution for a mobile phone. Contrasting mesh lining on the hood, double-sided drawstring and stretch ribbing on the sleeves and bottom. Tone-on-tone smooth seams that do not cause discomfort on the skin, providing comfort and freedom of movement<\/p>","protected":false},"excerpt":{"rendered":"<p>Kapuutsiga dressipluus k\u00e4ngurutaskuga, kus on praktiline lahendus mobiiltelefoni jaoks. Kapuutsil kontrastne v\u00f5rkvooder, kahepoolne n\u00f6\u00f6r ja veniv soonik varruka ning all osas. Toon-toonis sujuvad \u00f5mblused, mis ei tekita nahal ebamugavust, pakkudes mugavust ja liikumisvabadust<\/p>","protected":false},"featured_media":394161,"template":"","meta":{"_acf_changed":false},"product_brand":[],"product_cat":[227,311],"product_tag":[659],"class_list":{"0":"post-394152","1":"product","2":"type-product","3":"status-publish","4":"has-post-thumbnail","6":"product_cat-pusad","7":"product_cat-kapuutsiga-pusa","8":"product_tag-more-colors","9":"pa_brand-clique","10":"pa_suurus-xs","11":"pa_suurus-s","12":"pa_suurus-m","13":"pa_suurus-l","14":"pa_suurus-xl","15":"pa_suurus-xxl","16":"pa_varv-must","17":"pa_varv-punane","18":"pa_varv-sinine","20":"first","21":"instock","22":"taxable","23":"shipping-taxable","24":"purchasable","25":"product-type-variable","26":"has-default-attributes"},"acf":[],"_links":{"self":[{"href":"https:\/\/fifaa.ee\/en\/wp-json\/wp\/v2\/product\/394152","targetHints":{"allow":["GET"]}}],"collection":[{"href":"https:\/\/fifaa.ee\/en\/wp-json\/wp\/v2\/product"}],"about":[{"href":"https:\/\/fifaa.ee\/en\/wp-json\/wp\/v2\/types\/product"}],"wp:featuredmedia":[{"embeddable":true,"href":"https:\/\/fifaa.ee\/en\/wp-json\/wp\/v2\/media\/394161"}],"wp:attachment":[{"href":"https:\/\/fifaa.ee\/en\/wp-json\/wp\/v2\/media?parent=394152"}],"wp:term":[{"taxonomy":"product_brand","embeddable":true,"href":"https:\/\/fifaa.ee\/en\/wp-json\/wp\/v2\/product_brand?post=394152"},{"taxonomy":"product_cat","embeddable":true,"href":"https:\/\/fifaa.ee\/en\/wp-json\/wp\/v2\/product_cat?post=394152"},{"taxonomy":"product_tag","embeddable":true,"href":"https:\/\/fifaa.ee\/en\/wp-json\/wp\/v2\/product_tag?post=394152"}],"curies":[{"name":"wp","href":"https:\/\/api.w.org\/{rel}","templated":true}]}}