{"id":394187,"date":"2026-04-02T14:01:35","date_gmt":"2026-04-02T11:01:35","guid":{"rendered":"https:\/\/fifaa.ee\/?post_type=product&#038;p=394187"},"modified":"2026-04-02T14:38:33","modified_gmt":"2026-04-02T11:38:33","slug":"loris-women","status":"publish","type":"product","link":"https:\/\/fifaa.ee\/en\/product\/loris-women\/","title":{"rendered":"Loris Women"},"content":{"rendered":"<p>A zip-up sweatshirt made of cotton mixed with polyester, the fabric is made of different colors, giving the garment an interesting, multi-colored look. A modern style with slightly wider sleeves, raglan sleeves and smooth seams that do not cause discomfort on the skin, providing comfort and freedom of movement<\/p>","protected":false},"excerpt":{"rendered":"<p>Lukuga pusa, mis on valmistatud pol\u00fcestriga segatud puuvillast, kangas on tehtud erinevatest v\u00e4rvitoonidest, andes riidele huvitava, mitmev\u00e4rvilise v\u00e4limuse. Moodne stiil veidi laiemate k\u00e4iste, raglaanvarrukate ja sujuvad \u00f5mblused, mis ei tekita nahal ebamugavust, pakkudes mugavust ja liikumisvabadust<\/p>","protected":false},"featured_media":394218,"template":"","meta":{"_acf_changed":false},"product_brand":[],"product_cat":[227,312],"product_tag":[659],"class_list":{"0":"post-394187","1":"product","2":"type-product","3":"status-publish","4":"has-post-thumbnail","6":"product_cat-pusad","7":"product_cat-lukuga-pusa","8":"product_tag-more-colors","9":"pa_brand-clique","10":"pa_suurus-xs","11":"pa_suurus-s","12":"pa_suurus-m","13":"pa_suurus-l","14":"pa_suurus-xl","15":"pa_varv-hall","16":"pa_varv-must","18":"first","19":"instock","20":"taxable","21":"shipping-taxable","22":"purchasable","23":"product-type-variable","24":"has-default-attributes"},"acf":[],"_links":{"self":[{"href":"https:\/\/fifaa.ee\/en\/wp-json\/wp\/v2\/product\/394187","targetHints":{"allow":["GET"]}}],"collection":[{"href":"https:\/\/fifaa.ee\/en\/wp-json\/wp\/v2\/product"}],"about":[{"href":"https:\/\/fifaa.ee\/en\/wp-json\/wp\/v2\/types\/product"}],"wp:featuredmedia":[{"embeddable":true,"href":"https:\/\/fifaa.ee\/en\/wp-json\/wp\/v2\/media\/394218"}],"wp:attachment":[{"href":"https:\/\/fifaa.ee\/en\/wp-json\/wp\/v2\/media?parent=394187"}],"wp:term":[{"taxonomy":"product_brand","embeddable":true,"href":"https:\/\/fifaa.ee\/en\/wp-json\/wp\/v2\/product_brand?post=394187"},{"taxonomy":"product_cat","embeddable":true,"href":"https:\/\/fifaa.ee\/en\/wp-json\/wp\/v2\/product_cat?post=394187"},{"taxonomy":"product_tag","embeddable":true,"href":"https:\/\/fifaa.ee\/en\/wp-json\/wp\/v2\/product_tag?post=394187"}],"curies":[{"name":"wp","href":"https:\/\/api.w.org\/{rel}","templated":true}]}}