{"id":394296,"date":"2026-04-02T14:01:55","date_gmt":"2026-04-02T11:01:55","guid":{"rendered":"https:\/\/fifaa.ee\/?post_type=product&#038;p=394296"},"modified":"2026-04-02T14:38:33","modified_gmt":"2026-04-02T11:38:33","slug":"elastic-belt","status":"publish","type":"product","link":"https:\/\/fifaa.ee\/en\/product\/elastic-belt\/","title":{"rendered":"Elastic Belt"},"content":{"rendered":"<p>Pol\u00fcestrist veniv v\u00f6\u00f6 metalln\u00f5elaga pandlaga. Sobib nii meestele kui naistele.<\/p>","protected":false},"excerpt":{"rendered":"<p>Pol\u00fcestrist veniv v\u00f6\u00f6 metalln\u00f5elaga pandlaga. Sobib nii meestele kui naistele.<\/p>","protected":false},"featured_media":394312,"template":"","meta":{"_acf_changed":false},"product_brand":[],"product_cat":[840,713],"product_tag":[659],"class_list":{"0":"post-394296","1":"product","2":"type-product","3":"status-publish","4":"has-post-thumbnail","6":"product_cat-aksessuaarid","7":"product_cat-muud-aksessuaarid","8":"product_tag-more-colors","9":"pa_brand-clique","10":"pa_suurus-893","11":"pa_suurus-894","12":"pa_varv-must","14":"first","15":"instock","16":"taxable","17":"shipping-taxable","18":"purchasable","19":"product-type-variable","20":"has-default-attributes"},"acf":[],"_links":{"self":[{"href":"https:\/\/fifaa.ee\/en\/wp-json\/wp\/v2\/product\/394296","targetHints":{"allow":["GET"]}}],"collection":[{"href":"https:\/\/fifaa.ee\/en\/wp-json\/wp\/v2\/product"}],"about":[{"href":"https:\/\/fifaa.ee\/en\/wp-json\/wp\/v2\/types\/product"}],"wp:featuredmedia":[{"embeddable":true,"href":"https:\/\/fifaa.ee\/en\/wp-json\/wp\/v2\/media\/394312"}],"wp:attachment":[{"href":"https:\/\/fifaa.ee\/en\/wp-json\/wp\/v2\/media?parent=394296"}],"wp:term":[{"taxonomy":"product_brand","embeddable":true,"href":"https:\/\/fifaa.ee\/en\/wp-json\/wp\/v2\/product_brand?post=394296"},{"taxonomy":"product_cat","embeddable":true,"href":"https:\/\/fifaa.ee\/en\/wp-json\/wp\/v2\/product_cat?post=394296"},{"taxonomy":"product_tag","embeddable":true,"href":"https:\/\/fifaa.ee\/en\/wp-json\/wp\/v2\/product_tag?post=394296"}],"curies":[{"name":"wp","href":"https:\/\/api.w.org\/{rel}","templated":true}]}}