{"id":394992,"date":"2026-04-02T14:04:00","date_gmt":"2026-04-02T11:04:00","guid":{"rendered":"https:\/\/fifaa.ee\/?post_type=product&#038;p=394992"},"modified":"2026-04-02T14:38:32","modified_gmt":"2026-04-02T11:38:32","slug":"basic-polo-women","status":"publish","type":"product","link":"https:\/\/fifaa.ee\/en\/product\/basic-polo-women\/","title":{"rendered":"Basic Polo Women"},"content":{"rendered":"<p>Stylish and comfortable polo for everyday wear, offering excellent fit and freedom of movement. Side slits provide extra comfort, while three-tone buttons (men&#039;s model) and four-tone buttons (women&#039;s model) add color and modernity to the product. Perfectly matches both jeans and shorts, making it an ideal choice for every day. The special feature is the excellent fit, side slits for freedom of movement and comfortable and high-quality material that ensures comfort for everyday wear. Complete your wardrobe with this stylish and practical polo that combines elegance and comfort!<\/p>","protected":false},"excerpt":{"rendered":"<p>Stiilne ja mugav polo igap\u00e4evaseks kandmiseks, mis pakub suurep\u00e4rast istuvust ja liikumisvabadust.K\u00fcljel l\u00f5hikud annavad lisamugavust, samas kui kolmes toonis n\u00f6\u00f6bid (meeste mudel) ja neljatoonilised n\u00f6\u00f6bid (naiste mudel) lisavad tootele v\u00e4rvi ja modernsust. Sobib ideaalselt nii teksade kui ka l\u00fchikeste p\u00fckstega, olles ideaalne valik igaks p\u00e4evaks. Erip\u00e4raks on suurep\u00e4rane istuvus, k\u00fcljel olevad l\u00f5hikud liikumisvabaduse tagamiseks ning [&hellip;]<\/p>\n","protected":false},"featured_media":395001,"template":"","meta":{"_acf_changed":false},"product_brand":[],"product_cat":[222,272],"product_tag":[659],"class_list":{"0":"post-394992","1":"product","2":"type-product","3":"status-publish","4":"has-post-thumbnail","6":"product_cat-sargid","7":"product_cat-polo","8":"product_tag-more-colors","9":"pa_brand-clique","10":"pa_suurus-xs","11":"pa_suurus-s","12":"pa_suurus-m","13":"pa_suurus-l","14":"pa_suurus-xl","15":"pa_suurus-xxl","16":"pa_varv-kollane","17":"pa_varv-must","18":"pa_varv-punane","19":"pa_varv-roheline","20":"pa_varv-sinine","21":"pa_varv-valge-new","23":"first","24":"instock","25":"taxable","26":"shipping-taxable","27":"purchasable","28":"product-type-variable","29":"has-default-attributes"},"acf":[],"_links":{"self":[{"href":"https:\/\/fifaa.ee\/en\/wp-json\/wp\/v2\/product\/394992","targetHints":{"allow":["GET"]}}],"collection":[{"href":"https:\/\/fifaa.ee\/en\/wp-json\/wp\/v2\/product"}],"about":[{"href":"https:\/\/fifaa.ee\/en\/wp-json\/wp\/v2\/types\/product"}],"wp:featuredmedia":[{"embeddable":true,"href":"https:\/\/fifaa.ee\/en\/wp-json\/wp\/v2\/media\/395001"}],"wp:attachment":[{"href":"https:\/\/fifaa.ee\/en\/wp-json\/wp\/v2\/media?parent=394992"}],"wp:term":[{"taxonomy":"product_brand","embeddable":true,"href":"https:\/\/fifaa.ee\/en\/wp-json\/wp\/v2\/product_brand?post=394992"},{"taxonomy":"product_cat","embeddable":true,"href":"https:\/\/fifaa.ee\/en\/wp-json\/wp\/v2\/product_cat?post=394992"},{"taxonomy":"product_tag","embeddable":true,"href":"https:\/\/fifaa.ee\/en\/wp-json\/wp\/v2\/product_tag?post=394992"}],"curies":[{"name":"wp","href":"https:\/\/api.w.org\/{rel}","templated":true}]}}