{"id":395204,"date":"2026-04-02T14:04:41","date_gmt":"2026-04-02T11:04:41","guid":{"rendered":"https:\/\/fifaa.ee\/?post_type=product&#038;p=395204"},"modified":"2026-04-02T14:38:32","modified_gmt":"2026-04-02T11:38:32","slug":"leisure-full-zip-hood-m","status":"publish","type":"product","link":"https:\/\/fifaa.ee\/en\/product\/leisure-full-zip-hood-m\/","title":{"rendered":"Leisure Full Zip Hood M"},"content":{"rendered":"<p>Comfortable and stylish hoodie made of soft, stretchy and functional polyester.<\/p>\n<p>This sweatshirt offers exceptional comfort thanks to its ergonomic and elastic cut, providing complete freedom of movement. The hood is equipped with an adjustable drawstring to ensure a fit according to your needs. In addition, the jacket has two practical pockets where you can store small items. The product is perfect for everyday wear or light training.<\/p>","protected":false},"excerpt":{"rendered":"<p>Mugav ja stiilne kapuutsiga pusa, mis on valmistatud pehmest, elastsel ja funktsionaalsest pol\u00fcestrist. See pusa pakub erakordset mugavust t\u00e4nu oma ergonoomilisele ja elastsele l\u00f5ikele, pakkudes t\u00e4ielikku liikumisvabadust. Kapuuts on varustatud reguleeritava n\u00f6\u00f6riga, et tagada sobivus vastavalt vajadusele. Lisaks on jakil kaks praktilist taskut, kus saad hoiustada v\u00e4ikeseid esemeid. Tooted sobib suurep\u00e4raselt igap\u00e4evaseks kandmiseks v\u00f5i kergeks [&hellip;]<\/p>\n","protected":false},"featured_media":395211,"template":"","meta":{"_acf_changed":false},"product_brand":[],"product_cat":[227,312],"product_tag":[659],"class_list":{"0":"post-395204","1":"product","2":"type-product","3":"status-publish","4":"has-post-thumbnail","6":"product_cat-pusad","7":"product_cat-lukuga-pusa","8":"product_tag-more-colors","9":"pa_brand-craft","10":"pa_suurus-xs","11":"pa_suurus-s","12":"pa_suurus-m","13":"pa_suurus-l","14":"pa_suurus-xl","15":"pa_suurus-xxl","16":"pa_suurus-3xl","17":"pa_suurus-4xl","18":"pa_varv-must","20":"first","21":"instock","22":"taxable","23":"shipping-taxable","24":"purchasable","25":"product-type-variable","26":"has-default-attributes"},"acf":[],"_links":{"self":[{"href":"https:\/\/fifaa.ee\/en\/wp-json\/wp\/v2\/product\/395204","targetHints":{"allow":["GET"]}}],"collection":[{"href":"https:\/\/fifaa.ee\/en\/wp-json\/wp\/v2\/product"}],"about":[{"href":"https:\/\/fifaa.ee\/en\/wp-json\/wp\/v2\/types\/product"}],"wp:featuredmedia":[{"embeddable":true,"href":"https:\/\/fifaa.ee\/en\/wp-json\/wp\/v2\/media\/395211"}],"wp:attachment":[{"href":"https:\/\/fifaa.ee\/en\/wp-json\/wp\/v2\/media?parent=395204"}],"wp:term":[{"taxonomy":"product_brand","embeddable":true,"href":"https:\/\/fifaa.ee\/en\/wp-json\/wp\/v2\/product_brand?post=395204"},{"taxonomy":"product_cat","embeddable":true,"href":"https:\/\/fifaa.ee\/en\/wp-json\/wp\/v2\/product_cat?post=395204"},{"taxonomy":"product_tag","embeddable":true,"href":"https:\/\/fifaa.ee\/en\/wp-json\/wp\/v2\/product_tag?post=395204"}],"curies":[{"name":"wp","href":"https:\/\/api.w.org\/{rel}","templated":true}]}}