{"id":395401,"date":"2026-04-02T14:05:19","date_gmt":"2026-04-02T11:05:19","guid":{"rendered":"https:\/\/fifaa.ee\/product\/padded-hoody-softshell\/"},"modified":"2026-04-02T14:38:31","modified_gmt":"2026-04-02T11:38:31","slug":"padded-hoody-softshell","status":"publish","type":"product","link":"https:\/\/fifaa.ee\/en\/product\/padded-hoody-softshell\/","title":{"rendered":"Padded Hoody Softshell"},"content":{"rendered":"<p>Polsterdatud kapuutsiga softshell jope, millel on kolm v\u00e4listaskut \u00fcmberp\u00f6\u00f6ratud t\u00f5mblukuga ja \u00fcks sisetasku. Lihtsalt eemaldatav etikett kaubam\u00e4rgi muutmiseks. Must vooder ja tikandiga t\u00f5mblukk.<\/p>","protected":false},"excerpt":{"rendered":"<p>Polsterdatud kapuutsiga softshell jope, millel on kolm v\u00e4listaskut \u00fcmberp\u00f6\u00f6ratud t\u00f5mblukuga ja \u00fcks sisetasku. Lihtsalt eemaldatav etikett kaubam\u00e4rgi muutmiseks. Must vooder ja tikandiga t\u00f5mblukk.<\/p>","protected":false},"featured_media":395400,"template":"","meta":{"_acf_changed":false},"product_brand":[],"product_cat":[712,308],"product_tag":[659],"class_list":{"0":"post-395401","1":"product","2":"type-product","3":"status-publish","4":"has-post-thumbnail","6":"product_cat-joped","7":"product_cat-softshell","8":"product_tag-more-colors","9":"pa_brand-clique","10":"pa_suurus-xs","11":"pa_suurus-s","12":"pa_suurus-m","13":"pa_suurus-l","14":"pa_suurus-xl","15":"pa_suurus-xxl","16":"pa_suurus-3xl","17":"pa_suurus-4xl","18":"pa_varv-must","19":"pa_varv-punane","21":"first","22":"instock","23":"taxable","24":"shipping-taxable","25":"purchasable","26":"product-type-variable","27":"has-default-attributes"},"acf":[],"_links":{"self":[{"href":"https:\/\/fifaa.ee\/en\/wp-json\/wp\/v2\/product\/395401","targetHints":{"allow":["GET"]}}],"collection":[{"href":"https:\/\/fifaa.ee\/en\/wp-json\/wp\/v2\/product"}],"about":[{"href":"https:\/\/fifaa.ee\/en\/wp-json\/wp\/v2\/types\/product"}],"wp:featuredmedia":[{"embeddable":true,"href":"https:\/\/fifaa.ee\/en\/wp-json\/wp\/v2\/media\/395400"}],"wp:attachment":[{"href":"https:\/\/fifaa.ee\/en\/wp-json\/wp\/v2\/media?parent=395401"}],"wp:term":[{"taxonomy":"product_brand","embeddable":true,"href":"https:\/\/fifaa.ee\/en\/wp-json\/wp\/v2\/product_brand?post=395401"},{"taxonomy":"product_cat","embeddable":true,"href":"https:\/\/fifaa.ee\/en\/wp-json\/wp\/v2\/product_cat?post=395401"},{"taxonomy":"product_tag","embeddable":true,"href":"https:\/\/fifaa.ee\/en\/wp-json\/wp\/v2\/product_tag?post=395401"}],"curies":[{"name":"wp","href":"https:\/\/api.w.org\/{rel}","templated":true}]}}