{"id":395659,"date":"2026-04-02T14:06:22","date_gmt":"2026-04-02T11:06:22","guid":{"rendered":"https:\/\/fifaa.ee\/?post_type=product&#038;p=395659"},"modified":"2026-04-02T14:38:31","modified_gmt":"2026-04-02T11:38:31","slug":"premium-fashion-t-l-s-women","status":"publish","type":"product","link":"https:\/\/fifaa.ee\/en\/product\/premium-fashion-t-l-s-women\/","title":{"rendered":"Premium Fashion-T L\/S Women"},"content":{"rendered":"<p>Long sleeve T-shirt made from 100% ring spun cotton. Double layered collar with reinforced neck tape. Easily removable label for rebranding. Pre-shrunk and enzyme treated.<\/p>","protected":false},"excerpt":{"rendered":"<p>Pikkade varrukatega T-s\u00e4rk, valmistatud 100% r\u00f5ngaskedratud puuvillast. Kaelus on kahekihilin, tugevdatud kaelusteibiga. Lihtsalt eemaldatav etikett kaubam\u00e4rgi muutmiseks. R\u00f5ivas on eelnevalt kokkut\u00f5mmatud ja t\u00f6\u00f6deldud ens\u00fc\u00fcmidega.<\/p>","protected":false},"featured_media":395690,"template":"","meta":{"_acf_changed":false},"product_brand":[],"product_cat":[222,225],"product_tag":[659],"class_list":{"0":"post-395659","1":"product","2":"type-product","3":"status-publish","4":"has-post-thumbnail","6":"product_cat-sargid","7":"product_cat-t-sark","8":"product_tag-more-colors","9":"pa_brand-clique","10":"pa_suurus-xs","11":"pa_suurus-s","12":"pa_suurus-m","13":"pa_suurus-l","14":"pa_suurus-xl","15":"pa_suurus-xxl","16":"pa_varv-must","17":"pa_varv-valge-new","19":"first","20":"instock","21":"taxable","22":"shipping-taxable","23":"purchasable","24":"product-type-variable","25":"has-default-attributes"},"acf":[],"_links":{"self":[{"href":"https:\/\/fifaa.ee\/en\/wp-json\/wp\/v2\/product\/395659","targetHints":{"allow":["GET"]}}],"collection":[{"href":"https:\/\/fifaa.ee\/en\/wp-json\/wp\/v2\/product"}],"about":[{"href":"https:\/\/fifaa.ee\/en\/wp-json\/wp\/v2\/types\/product"}],"wp:featuredmedia":[{"embeddable":true,"href":"https:\/\/fifaa.ee\/en\/wp-json\/wp\/v2\/media\/395690"}],"wp:attachment":[{"href":"https:\/\/fifaa.ee\/en\/wp-json\/wp\/v2\/media?parent=395659"}],"wp:term":[{"taxonomy":"product_brand","embeddable":true,"href":"https:\/\/fifaa.ee\/en\/wp-json\/wp\/v2\/product_brand?post=395659"},{"taxonomy":"product_cat","embeddable":true,"href":"https:\/\/fifaa.ee\/en\/wp-json\/wp\/v2\/product_cat?post=395659"},{"taxonomy":"product_tag","embeddable":true,"href":"https:\/\/fifaa.ee\/en\/wp-json\/wp\/v2\/product_tag?post=395659"}],"curies":[{"name":"wp","href":"https:\/\/api.w.org\/{rel}","templated":true}]}}