{"id":395838,"date":"2026-04-02T14:07:07","date_gmt":"2026-04-02T11:07:07","guid":{"rendered":"https:\/\/fifaa.ee\/?post_type=product&#038;p=395838"},"modified":"2026-04-02T14:38:31","modified_gmt":"2026-04-02T11:38:31","slug":"core-explore-rain-set-m","status":"publish","type":"product","link":"https:\/\/fifaa.ee\/en\/product\/core-explore-rain-set-m\/","title":{"rendered":"CORE Explore Rain Set M"},"content":{"rendered":"<p>Includes a functional rain jacket and pants with mesh lining, two side pockets, adjustable hem and hood with drawstrings, and Velcro fastenings at the sleeves and leg ends. Taped seams at key seams for extra rain protection.<br \/>\nWaterproof material, WP 5,000\/MVP 5,000<br \/>\nReflective details for visibility<br \/>\nTaped seams in critical areas<\/p>","protected":false},"excerpt":{"rendered":"<p>Sisaldab funktsionaalset vihmajope ja -p\u00fckse, mis on varustatud v\u00f5rkkangaga voodriga, kahe k\u00fcljetasku, reguleeritava all\u00e4\u00e4re ja kapuutsi n\u00f6\u00f6ride ning Velcro kinnituskohtadega varrukate ja s\u00e4\u00e4reotstes. Olulistes \u00f5mblustes on teibitud liited, et tagada lisakaitse vihma eest. Veekindel materjal, WP 5,000\/MVP 5,000 Peegeldavad detailid n\u00e4htavuse tagamiseks Teibitud \u00f5mblused kriitilistes kohtades<\/p>","protected":false},"featured_media":395850,"template":"","meta":{"_acf_changed":false},"product_brand":[],"product_cat":[696,299],"product_tag":[],"class_list":{"0":"post-395838","1":"product","2":"type-product","3":"status-publish","4":"has-post-thumbnail","6":"product_cat-muud-riided","7":"product_cat-puksid","8":"pa_brand-craft","9":"pa_suurus-s","10":"pa_suurus-m","11":"pa_suurus-l","12":"pa_suurus-xl","13":"pa_suurus-xxl","14":"pa_suurus-3xl","15":"pa_suurus-4xl","16":"pa_varv-must","18":"first","19":"instock","20":"taxable","21":"shipping-taxable","22":"purchasable","23":"product-type-variable","24":"has-default-attributes"},"acf":[],"_links":{"self":[{"href":"https:\/\/fifaa.ee\/en\/wp-json\/wp\/v2\/product\/395838","targetHints":{"allow":["GET"]}}],"collection":[{"href":"https:\/\/fifaa.ee\/en\/wp-json\/wp\/v2\/product"}],"about":[{"href":"https:\/\/fifaa.ee\/en\/wp-json\/wp\/v2\/types\/product"}],"wp:featuredmedia":[{"embeddable":true,"href":"https:\/\/fifaa.ee\/en\/wp-json\/wp\/v2\/media\/395850"}],"wp:attachment":[{"href":"https:\/\/fifaa.ee\/en\/wp-json\/wp\/v2\/media?parent=395838"}],"wp:term":[{"taxonomy":"product_brand","embeddable":true,"href":"https:\/\/fifaa.ee\/en\/wp-json\/wp\/v2\/product_brand?post=395838"},{"taxonomy":"product_cat","embeddable":true,"href":"https:\/\/fifaa.ee\/en\/wp-json\/wp\/v2\/product_cat?post=395838"},{"taxonomy":"product_tag","embeddable":true,"href":"https:\/\/fifaa.ee\/en\/wp-json\/wp\/v2\/product_tag?post=395838"}],"curies":[{"name":"wp","href":"https:\/\/api.w.org\/{rel}","templated":true}]}}