{"id":395874,"date":"2026-04-02T14:07:13","date_gmt":"2026-04-02T11:07:13","guid":{"rendered":"https:\/\/fifaa.ee\/?post_type=product&#038;p=395874"},"modified":"2026-04-02T14:38:31","modified_gmt":"2026-04-02T11:38:31","slug":"everett-half-zip-sweater","status":"publish","type":"product","link":"https:\/\/fifaa.ee\/en\/product\/everett-half-zip-sweater\/","title":{"rendered":"Everett Half Zip Sweater"},"content":{"rendered":"<p>The softest quality, made from the finest cashmere-feeling merino wool, providing exceptional comfort and warmth. A small metal CB badge adds elegance, while the center front zipper with a metal puller highlights the refined design of the product. An ideal choice for everyday wear, offering both style and comfort. Easy care - cold machine wash at 30\u00b0C and spin speed no more than 800 rpm to maintain the quality and softness of the material.<\/p>","protected":false},"excerpt":{"rendered":"<p>Pehmeim kvaliteet, valmistatud parimast ka\u0161miirtundega meriinovillast, mis tagab erilise mugavuse ja soojustunde. V\u00e4ike metallist CB m\u00e4rk lisab sellele elegantsi, t\u00f5mblukk ees keskel, millel on metallist t\u00f5mmits, toob v\u00e4lja toote rafineeritud disaini. Ideaalne valik igap\u00e4evaseks kandmiseks, pakkudes nii stiili kui ka mugavust. Hooldus on lihtne \u2013 k\u00fclm masinpesu 30\u00b0C juures ja tsentrifuugimiskiirus mitte \u00fcle 800 p\/min, [&hellip;]<\/p>\n","protected":false},"featured_media":395896,"template":"","meta":{"_acf_changed":false},"product_brand":[],"product_cat":[889,227],"product_tag":[659],"class_list":{"0":"post-395874","1":"product","2":"type-product","3":"status-publish","4":"has-post-thumbnail","6":"product_cat-sviiter","7":"product_cat-pusad","8":"product_tag-more-colors","9":"pa_brand-cutter-buck","10":"pa_suurus-xs","11":"pa_suurus-s","12":"pa_suurus-m","13":"pa_suurus-l","14":"pa_suurus-xl","15":"pa_suurus-xxl","16":"pa_suurus-3xl","17":"pa_suurus-4xl","18":"pa_varv-must","20":"first","21":"instock","22":"taxable","23":"shipping-taxable","24":"purchasable","25":"product-type-variable","26":"has-default-attributes"},"acf":[],"_links":{"self":[{"href":"https:\/\/fifaa.ee\/en\/wp-json\/wp\/v2\/product\/395874","targetHints":{"allow":["GET"]}}],"collection":[{"href":"https:\/\/fifaa.ee\/en\/wp-json\/wp\/v2\/product"}],"about":[{"href":"https:\/\/fifaa.ee\/en\/wp-json\/wp\/v2\/types\/product"}],"wp:featuredmedia":[{"embeddable":true,"href":"https:\/\/fifaa.ee\/en\/wp-json\/wp\/v2\/media\/395896"}],"wp:attachment":[{"href":"https:\/\/fifaa.ee\/en\/wp-json\/wp\/v2\/media?parent=395874"}],"wp:term":[{"taxonomy":"product_brand","embeddable":true,"href":"https:\/\/fifaa.ee\/en\/wp-json\/wp\/v2\/product_brand?post=395874"},{"taxonomy":"product_cat","embeddable":true,"href":"https:\/\/fifaa.ee\/en\/wp-json\/wp\/v2\/product_cat?post=395874"},{"taxonomy":"product_tag","embeddable":true,"href":"https:\/\/fifaa.ee\/en\/wp-json\/wp\/v2\/product_tag?post=395874"}],"curies":[{"name":"wp","href":"https:\/\/api.w.org\/{rel}","templated":true}]}}