{"id":395980,"date":"2026-04-02T14:07:31","date_gmt":"2026-04-02T11:07:31","guid":{"rendered":"https:\/\/fifaa.ee\/?post_type=product&#038;p=395980"},"modified":"2026-04-02T14:38:31","modified_gmt":"2026-04-02T11:38:31","slug":"classic-hoody-full-zip","status":"publish","type":"product","link":"https:\/\/fifaa.ee\/en\/product\/classic-hoody-full-zip\/","title":{"rendered":"Classic Hoodie Full Zip"},"content":{"rendered":"<p>Zip-up hoodie with 2 zipped side pockets and 2 inner pockets. Contrast mesh lining on hood and double-sided drawstring. Stretch ribbing at sleeve and body ends. Tone-on-tone seamless seams that do not cause discomfort on the skin, providing comfort and freedom of movement. Earplug solution.<\/p>","protected":false},"excerpt":{"rendered":"<p>Lukuga pusa, millel on 2 lukuga k\u00fcljetaskut ja 2 sisetaskut. Kapuutsil on kontrastne v\u00f5rkvooder ja kahepoolse joonega n\u00f6\u00f6r. Varruka ja keha otsas veniv soonik. Toon-toonis sujuvad \u00f5mblused, mis ei tekita nahal ebamugavust, pakkudes mugavust ja liikumisvabadust. K\u00f5rvaklapi lahendus.<\/p>","protected":false},"featured_media":395985,"template":"","meta":{"_acf_changed":false},"product_brand":[],"product_cat":[227,312],"product_tag":[659],"class_list":{"0":"post-395980","1":"product","2":"type-product","3":"status-publish","4":"has-post-thumbnail","6":"product_cat-pusad","7":"product_cat-lukuga-pusa","8":"product_tag-more-colors","9":"pa_brand-clique","10":"pa_suurus-xs","11":"pa_suurus-s","12":"pa_suurus-m","13":"pa_suurus-l","14":"pa_suurus-xl","15":"pa_suurus-xxl","16":"pa_suurus-3xl","17":"pa_suurus-4xl","18":"pa_suurus-5xl","19":"pa_varv-must","20":"pa_varv-punane","21":"pa_varv-sinine","23":"first","24":"instock","25":"taxable","26":"shipping-taxable","27":"purchasable","28":"product-type-variable","29":"has-default-attributes"},"acf":[],"_links":{"self":[{"href":"https:\/\/fifaa.ee\/en\/wp-json\/wp\/v2\/product\/395980","targetHints":{"allow":["GET"]}}],"collection":[{"href":"https:\/\/fifaa.ee\/en\/wp-json\/wp\/v2\/product"}],"about":[{"href":"https:\/\/fifaa.ee\/en\/wp-json\/wp\/v2\/types\/product"}],"wp:featuredmedia":[{"embeddable":true,"href":"https:\/\/fifaa.ee\/en\/wp-json\/wp\/v2\/media\/395985"}],"wp:attachment":[{"href":"https:\/\/fifaa.ee\/en\/wp-json\/wp\/v2\/media?parent=395980"}],"wp:term":[{"taxonomy":"product_brand","embeddable":true,"href":"https:\/\/fifaa.ee\/en\/wp-json\/wp\/v2\/product_brand?post=395980"},{"taxonomy":"product_cat","embeddable":true,"href":"https:\/\/fifaa.ee\/en\/wp-json\/wp\/v2\/product_cat?post=395980"},{"taxonomy":"product_tag","embeddable":true,"href":"https:\/\/fifaa.ee\/en\/wp-json\/wp\/v2\/product_tag?post=395980"}],"curies":[{"name":"wp","href":"https:\/\/api.w.org\/{rel}","templated":true}]}}