{"id":396227,"date":"2026-04-02T14:08:25","date_gmt":"2026-04-02T11:08:25","guid":{"rendered":"https:\/\/fifaa.ee\/?post_type=product&#038;p=396227"},"modified":"2026-04-02T14:38:30","modified_gmt":"2026-04-02T11:38:30","slug":"rush-tights-m","status":"publish","type":"product","link":"https:\/\/fifaa.ee\/en\/product\/rush-tights-m\/","title":{"rendered":"Rush Tights M"},"content":{"rendered":"<p>Kerged ja venivad p\u00fcksid, mis on valmistatud funktsionaalsest kangast, mis tagab t\u00f5husa niiskuse juhtimise ja suurep\u00e4rase liikumisvabaduse. Need p\u00fcksid on ideaalne valik klubi, sponsori v\u00f5i ettev\u00f5tte logode br\u00e4ndimiseks.<\/p>","protected":false},"excerpt":{"rendered":"<p>Kerged ja venivad p\u00fcksid, mis on valmistatud funktsionaalsest kangast, mis tagab t\u00f5husa niiskuse juhtimise ja suurep\u00e4rase liikumisvabaduse. Need p\u00fcksid on ideaalne valik klubi, sponsori v\u00f5i ettev\u00f5tte logode br\u00e4ndimiseks.<\/p>","protected":false},"featured_media":396263,"template":"","meta":{"_acf_changed":false},"product_brand":[],"product_cat":[696,299],"product_tag":[659],"class_list":{"0":"post-396227","1":"product","2":"type-product","3":"status-publish","4":"has-post-thumbnail","6":"product_cat-muud-riided","7":"product_cat-puksid","8":"product_tag-more-colors","9":"pa_brand-craft","10":"pa_suurus-xs","11":"pa_suurus-s","12":"pa_suurus-m","13":"pa_suurus-l","14":"pa_suurus-xl","15":"pa_suurus-xxl","16":"pa_suurus-3xl","18":"first","19":"instock","20":"taxable","21":"shipping-taxable","22":"purchasable","23":"product-type-variable","24":"has-default-attributes"},"acf":[],"_links":{"self":[{"href":"https:\/\/fifaa.ee\/en\/wp-json\/wp\/v2\/product\/396227","targetHints":{"allow":["GET"]}}],"collection":[{"href":"https:\/\/fifaa.ee\/en\/wp-json\/wp\/v2\/product"}],"about":[{"href":"https:\/\/fifaa.ee\/en\/wp-json\/wp\/v2\/types\/product"}],"wp:featuredmedia":[{"embeddable":true,"href":"https:\/\/fifaa.ee\/en\/wp-json\/wp\/v2\/media\/396263"}],"wp:attachment":[{"href":"https:\/\/fifaa.ee\/en\/wp-json\/wp\/v2\/media?parent=396227"}],"wp:term":[{"taxonomy":"product_brand","embeddable":true,"href":"https:\/\/fifaa.ee\/en\/wp-json\/wp\/v2\/product_brand?post=396227"},{"taxonomy":"product_cat","embeddable":true,"href":"https:\/\/fifaa.ee\/en\/wp-json\/wp\/v2\/product_cat?post=396227"},{"taxonomy":"product_tag","embeddable":true,"href":"https:\/\/fifaa.ee\/en\/wp-json\/wp\/v2\/product_tag?post=396227"}],"curies":[{"name":"wp","href":"https:\/\/api.w.org\/{rel}","templated":true}]}}