{"id":396268,"date":"2026-04-02T14:08:34","date_gmt":"2026-04-02T11:08:34","guid":{"rendered":"https:\/\/fifaa.ee\/?post_type=product&#038;p=396268"},"modified":"2026-04-02T14:38:30","modified_gmt":"2026-04-02T11:38:30","slug":"rush-wind-pants-w","status":"publish","type":"product","link":"https:\/\/fifaa.ee\/en\/product\/rush-wind-pants-w\/","title":{"rendered":"Rush Wind Pants W"},"content":{"rendered":"<p>Kerged p\u00fcksid, mis on valmistatud venivast kudumist, funktsionaalsest kangast, mis tagab t\u00f5husa niiskuse juhtimise. P\u00fckstel on k\u00fcljetaskud, alumise osa t\u00f5mblukud ja kitsenev l\u00f5ige p\u00f5lvest s\u00e4\u00e4reotsteni. Ideaalne valik klubi, sponsori v\u00f5i ettev\u00f5tte logode br\u00e4ndimiseks.<\/p>","protected":false},"excerpt":{"rendered":"<p>Kerged p\u00fcksid, mis on valmistatud venivast kudumist, funktsionaalsest kangast, mis tagab t\u00f5husa niiskuse juhtimise. P\u00fckstel on k\u00fcljetaskud, alumise osa t\u00f5mblukud ja kitsenev l\u00f5ige p\u00f5lvest s\u00e4\u00e4reotsteni. Ideaalne valik klubi, sponsori v\u00f5i ettev\u00f5tte logode br\u00e4ndimiseks.<\/p>","protected":false},"featured_media":396282,"template":"","meta":{"_acf_changed":false},"product_brand":[],"product_cat":[696,299],"product_tag":[],"class_list":{"0":"post-396268","1":"product","2":"type-product","3":"status-publish","4":"has-post-thumbnail","6":"product_cat-muud-riided","7":"product_cat-puksid","8":"pa_brand-craft","9":"pa_suurus-xs","10":"pa_suurus-s","11":"pa_suurus-m","12":"pa_suurus-l","13":"pa_suurus-xl","14":"pa_suurus-xxl","15":"pa_varv-must","17":"first","18":"instock","19":"taxable","20":"shipping-taxable","21":"purchasable","22":"product-type-variable","23":"has-default-attributes"},"acf":[],"_links":{"self":[{"href":"https:\/\/fifaa.ee\/en\/wp-json\/wp\/v2\/product\/396268","targetHints":{"allow":["GET"]}}],"collection":[{"href":"https:\/\/fifaa.ee\/en\/wp-json\/wp\/v2\/product"}],"about":[{"href":"https:\/\/fifaa.ee\/en\/wp-json\/wp\/v2\/types\/product"}],"wp:featuredmedia":[{"embeddable":true,"href":"https:\/\/fifaa.ee\/en\/wp-json\/wp\/v2\/media\/396282"}],"wp:attachment":[{"href":"https:\/\/fifaa.ee\/en\/wp-json\/wp\/v2\/media?parent=396268"}],"wp:term":[{"taxonomy":"product_brand","embeddable":true,"href":"https:\/\/fifaa.ee\/en\/wp-json\/wp\/v2\/product_brand?post=396268"},{"taxonomy":"product_cat","embeddable":true,"href":"https:\/\/fifaa.ee\/en\/wp-json\/wp\/v2\/product_cat?post=396268"},{"taxonomy":"product_tag","embeddable":true,"href":"https:\/\/fifaa.ee\/en\/wp-json\/wp\/v2\/product_tag?post=396268"}],"curies":[{"name":"wp","href":"https:\/\/api.w.org\/{rel}","templated":true}]}}