{"id":396270,"date":"2026-04-02T14:08:34","date_gmt":"2026-04-02T11:08:34","guid":{"rendered":"https:\/\/fifaa.ee\/?post_type=product&#038;p=396270"},"modified":"2026-04-02T14:38:30","modified_gmt":"2026-04-02T11:38:30","slug":"active-extreme-x-cn-ss-m","status":"publish","type":"product","link":"https:\/\/fifaa.ee\/en\/product\/active-extreme-x-cn-ss-m\/","title":{"rendered":"Active Extreme X CN SS M"},"content":{"rendered":"<p>A base layer designed for competitions and intensive training in moderate to cold winter conditions.<br \/>\nThis premium product combines lightweight polyester, technology and recycled polyester to provide exceptional body temperature management during intense activities. In addition, the product features waffle-designed seams to help maximize moisture transport and provide excellent comfort. Excellent stretch and an ergonomic fit ensure optimal freedom of movement, while body-sculpted mesh panels provide additional ventilation where you need it most.<br \/>\nEcological fabric<\/p>\n<p>\u2022 Moisture transport: 5\/5<br \/>\n\u2022 Activity level: 5\/5<br \/>\n\u2022 Temperature: -5\u00baC to +10\u00baC<\/p>","protected":false},"excerpt":{"rendered":"<p>Aluskiht, mis on loodud v\u00f5istlusteks ja intensiivseteks treeninguteks m\u00f5\u00f5dukates kuni k\u00fclmades talvetingimustes. See k\u00f5rgklassi toode \u00fchendab kerge pol\u00fcestri, tehnoloogia ja taaskasutatud pol\u00fcestri, et tagada erakorraline kehatemperatuuri juhtimine intensiivsete tegevuste ajal. Lisaks on tootel vahvlikud disainitud \u00f5mblused, mis aitavad maksimeerida niiskuse transporti ja pakuvad suurep\u00e4rast mugavust. Suurep\u00e4rane venivus ja ergonoomiline sobivus tagavad optimaalse liikumisvabaduse, samal ajal [&hellip;]<\/p>\n","protected":false},"featured_media":396297,"template":"","meta":{"_acf_changed":false},"product_brand":[],"product_cat":[222,259],"product_tag":[],"class_list":{"0":"post-396270","1":"product","2":"type-product","3":"status-publish","4":"has-post-thumbnail","6":"product_cat-sargid","7":"product_cat-spordisark","8":"pa_brand-craft","9":"pa_suurus-s","10":"pa_suurus-m","11":"pa_suurus-l","12":"pa_suurus-xl","13":"pa_suurus-xxl","14":"pa_varv-must","16":"first","17":"instock","18":"taxable","19":"shipping-taxable","20":"purchasable","21":"product-type-variable","22":"has-default-attributes"},"acf":[],"_links":{"self":[{"href":"https:\/\/fifaa.ee\/en\/wp-json\/wp\/v2\/product\/396270","targetHints":{"allow":["GET"]}}],"collection":[{"href":"https:\/\/fifaa.ee\/en\/wp-json\/wp\/v2\/product"}],"about":[{"href":"https:\/\/fifaa.ee\/en\/wp-json\/wp\/v2\/types\/product"}],"wp:featuredmedia":[{"embeddable":true,"href":"https:\/\/fifaa.ee\/en\/wp-json\/wp\/v2\/media\/396297"}],"wp:attachment":[{"href":"https:\/\/fifaa.ee\/en\/wp-json\/wp\/v2\/media?parent=396270"}],"wp:term":[{"taxonomy":"product_brand","embeddable":true,"href":"https:\/\/fifaa.ee\/en\/wp-json\/wp\/v2\/product_brand?post=396270"},{"taxonomy":"product_cat","embeddable":true,"href":"https:\/\/fifaa.ee\/en\/wp-json\/wp\/v2\/product_cat?post=396270"},{"taxonomy":"product_tag","embeddable":true,"href":"https:\/\/fifaa.ee\/en\/wp-json\/wp\/v2\/product_tag?post=396270"}],"curies":[{"name":"wp","href":"https:\/\/api.w.org\/{rel}","templated":true}]}}