{"id":396271,"date":"2026-04-02T14:08:34","date_gmt":"2026-04-02T11:08:34","guid":{"rendered":"https:\/\/fifaa.ee\/?post_type=product&#038;p=396271"},"modified":"2026-04-02T14:38:30","modified_gmt":"2026-04-02T11:38:30","slug":"adv-explore-fleece-midlayer-w","status":"publish","type":"product","link":"https:\/\/fifaa.ee\/en\/product\/adv-explore-fleece-midlayer-w\/","title":{"rendered":"ADV Explore Fleece Midlayer W"},"content":{"rendered":"<p>Fleece designed for hiking, alpine skiing, skiing and other similar outdoor activities. The fleece is made from soft brushed fleece fabric made from recycled polyester and offers an athletic cut for optimal fit and freedom of movement. In addition, the sleeve has a fingerhole cut for extra comfort.<\/p>\n<p>\u2022 Soft, brushed fleece fabric made from recycled polyester<br \/>\n\u2022 Sporty design<br \/>\n\u2022 Finger hole cut at sleeve ends<br \/>\n\u2022 Side pockets with zipper<br \/>\n\u2022 Reflective details<br \/>\n\u2022 fits most body types, providing a comfortable and classic fit.<\/p>","protected":false},"excerpt":{"rendered":"<p>Fliis, mis on loodud matkamiseks, m\u00e4esuusatamiseks, suusatamiseks ja muudeks sarnasteks v\u00e4listingimustes tegevusteks. Fliis on valmistatud pehmest harjastatud fliiskangast, mis on tehtud taaskasutatud pol\u00fcestrist, ja pakub sportlikku l\u00f5iget, mis tagab optimaalse sobivuse ja liikumisvabaduse. Lisaks on varrukal s\u00f5rmeaugu l\u00f5ige, mis pakub lisamugavust. \u2022 Pehme, harjastatud fliiskangas, mis on valmistatud taaskasutatud pol\u00fcestrist \u2022 Sportlik disain \u2022 S\u00f5rmeaugu [&hellip;]<\/p>\n","protected":false},"featured_media":396304,"template":"","meta":{"_acf_changed":false},"product_brand":[],"product_cat":[227,653],"product_tag":[659],"class_list":{"0":"post-396271","1":"product","2":"type-product","3":"status-publish","4":"has-post-thumbnail","6":"product_cat-pusad","7":"product_cat-fliisid","8":"product_tag-more-colors","9":"pa_brand-craft","10":"pa_suurus-xs","11":"pa_suurus-s","12":"pa_suurus-m","13":"pa_suurus-l","14":"pa_suurus-xl","15":"pa_suurus-xxl","17":"first","18":"instock","19":"taxable","20":"shipping-taxable","21":"purchasable","22":"product-type-variable","23":"has-default-attributes"},"acf":[],"_links":{"self":[{"href":"https:\/\/fifaa.ee\/en\/wp-json\/wp\/v2\/product\/396271","targetHints":{"allow":["GET"]}}],"collection":[{"href":"https:\/\/fifaa.ee\/en\/wp-json\/wp\/v2\/product"}],"about":[{"href":"https:\/\/fifaa.ee\/en\/wp-json\/wp\/v2\/types\/product"}],"wp:featuredmedia":[{"embeddable":true,"href":"https:\/\/fifaa.ee\/en\/wp-json\/wp\/v2\/media\/396304"}],"wp:attachment":[{"href":"https:\/\/fifaa.ee\/en\/wp-json\/wp\/v2\/media?parent=396271"}],"wp:term":[{"taxonomy":"product_brand","embeddable":true,"href":"https:\/\/fifaa.ee\/en\/wp-json\/wp\/v2\/product_brand?post=396271"},{"taxonomy":"product_cat","embeddable":true,"href":"https:\/\/fifaa.ee\/en\/wp-json\/wp\/v2\/product_cat?post=396271"},{"taxonomy":"product_tag","embeddable":true,"href":"https:\/\/fifaa.ee\/en\/wp-json\/wp\/v2\/product_tag?post=396271"}],"curies":[{"name":"wp","href":"https:\/\/api.w.org\/{rel}","templated":true}]}}