{"id":396559,"date":"2026-04-02T14:09:25","date_gmt":"2026-04-02T11:09:25","guid":{"rendered":"https:\/\/fifaa.ee\/?post_type=product&#038;p=396559"},"modified":"2026-04-02T14:38:30","modified_gmt":"2026-04-02T11:38:30","slug":"ducan","status":"publish","type":"product","link":"https:\/\/fifaa.ee\/en\/product\/ducan\/","title":{"rendered":"Dukan"},"content":{"rendered":"<p>Functional unisex zipped jacket, sewn with special \u201cflatlock\u201d seams, which are flat and soft, reducing the slightly raised part of the seams. This ensures comfort, as the seams do not rub or cause discomfort inside the garment, and gives the product a clean and professional look. White contrasting zipper on the front and sleeve. There is a drawstring at the bottom to adjust the fit. Side pockets along the seam. The jacket has four contrasting zipper pull tags (orange, red, black and white).<\/p>","protected":false},"excerpt":{"rendered":"<p>Funktsionaalne unisex lukuga jope, on \u00f5mmeldud spetsiaalsete &#8220;flatlock&#8221; \u00f5mblustega, mis on tasased ja pehmed, v\u00e4hendades \u00f5mbluste kergelt t\u00f5usvat osa. See tagab mugavuse, kuna \u00f5mblused ei h\u00f5\u00f5ru ega tee riide sees ebamugavust, ja annab tootele puhta ja professionaalse v\u00e4limuse. Valge kontrastne t\u00f5mblukk ees ja varrukal. Istuvuse reguleerimiseks on all\u00e4\u00e4res pingutusn\u00f6\u00f6r. K\u00fcljetaskud \u00f5mbluse \u00e4\u00e4res. Jakil on neljas [&hellip;]<\/p>\n","protected":false},"featured_media":396579,"template":"","meta":{"_acf_changed":false},"product_brand":[],"product_cat":[227,312],"product_tag":[659],"class_list":{"0":"post-396559","1":"product","2":"type-product","3":"status-publish","4":"has-post-thumbnail","6":"product_cat-pusad","7":"product_cat-lukuga-pusa","8":"product_tag-more-colors","9":"pa_brand-clique","10":"pa_suurus-xs","11":"pa_suurus-s","12":"pa_suurus-m","13":"pa_suurus-l","14":"pa_suurus-xl","15":"pa_suurus-xxl","16":"pa_varv-must","17":"pa_varv-punane","18":"pa_varv-sinine","20":"first","21":"instock","22":"taxable","23":"shipping-taxable","24":"purchasable","25":"product-type-variable","26":"has-default-attributes"},"acf":[],"_links":{"self":[{"href":"https:\/\/fifaa.ee\/en\/wp-json\/wp\/v2\/product\/396559","targetHints":{"allow":["GET"]}}],"collection":[{"href":"https:\/\/fifaa.ee\/en\/wp-json\/wp\/v2\/product"}],"about":[{"href":"https:\/\/fifaa.ee\/en\/wp-json\/wp\/v2\/types\/product"}],"wp:featuredmedia":[{"embeddable":true,"href":"https:\/\/fifaa.ee\/en\/wp-json\/wp\/v2\/media\/396579"}],"wp:attachment":[{"href":"https:\/\/fifaa.ee\/en\/wp-json\/wp\/v2\/media?parent=396559"}],"wp:term":[{"taxonomy":"product_brand","embeddable":true,"href":"https:\/\/fifaa.ee\/en\/wp-json\/wp\/v2\/product_brand?post=396559"},{"taxonomy":"product_cat","embeddable":true,"href":"https:\/\/fifaa.ee\/en\/wp-json\/wp\/v2\/product_cat?post=396559"},{"taxonomy":"product_tag","embeddable":true,"href":"https:\/\/fifaa.ee\/en\/wp-json\/wp\/v2\/product_tag?post=396559"}],"curies":[{"name":"wp","href":"https:\/\/api.w.org\/{rel}","templated":true}]}}