{"id":396633,"date":"2026-04-02T14:09:38","date_gmt":"2026-04-02T11:09:38","guid":{"rendered":"https:\/\/fifaa.ee\/?post_type=product&#038;p=396633"},"modified":"2026-04-02T14:38:30","modified_gmt":"2026-04-02T11:38:30","slug":"noble-zip-jacket-m","status":"publish","type":"product","link":"https:\/\/fifaa.ee\/en\/product\/noble-zip-jacket-m\/","title":{"rendered":"Noble Zip Jacket M"},"content":{"rendered":"<p>A zip-up hoodie made from soft jersey fabric with a slightly cut and zipped side pockets.<\/p>\n<p>\u2022 Laser-cut and pulled zipper side pockets.<br \/>\n\u2022 Laser-cut and drawn air vents in the armpits for ventilation.<\/p>","protected":false},"excerpt":{"rendered":"<p>Lukuga pusa, mis on valmistatud pehmest d\u017eersikangast, millel on kergelt l\u00f5igatud ja t\u00f5mblukuga k\u00fcljetaskud. \u2022 Laseriga l\u00f5igatud ja t\u00f5mmeldud t\u00f5mblukuga k\u00fcljetaskud. \u2022 Laseriga l\u00f5igatud ja t\u00f5mmeldud \u00f5hutusavad kaenlaalustes ventilatsiooniks.<\/p>","protected":false},"featured_media":396646,"template":"","meta":{"_acf_changed":false},"product_brand":[],"product_cat":[227,312],"product_tag":[659],"class_list":{"0":"post-396633","1":"product","2":"type-product","3":"status-publish","4":"has-post-thumbnail","6":"product_cat-pusad","7":"product_cat-lukuga-pusa","8":"product_tag-more-colors","9":"pa_brand-craft","10":"pa_suurus-s","11":"pa_suurus-l","12":"pa_suurus-xxl","13":"pa_suurus-3xl","14":"pa_suurus-4xl","15":"pa_varv-must","17":"first","18":"instock","19":"taxable","20":"shipping-taxable","21":"purchasable","22":"product-type-variable","23":"has-default-attributes"},"acf":[],"_links":{"self":[{"href":"https:\/\/fifaa.ee\/en\/wp-json\/wp\/v2\/product\/396633","targetHints":{"allow":["GET"]}}],"collection":[{"href":"https:\/\/fifaa.ee\/en\/wp-json\/wp\/v2\/product"}],"about":[{"href":"https:\/\/fifaa.ee\/en\/wp-json\/wp\/v2\/types\/product"}],"wp:featuredmedia":[{"embeddable":true,"href":"https:\/\/fifaa.ee\/en\/wp-json\/wp\/v2\/media\/396646"}],"wp:attachment":[{"href":"https:\/\/fifaa.ee\/en\/wp-json\/wp\/v2\/media?parent=396633"}],"wp:term":[{"taxonomy":"product_brand","embeddable":true,"href":"https:\/\/fifaa.ee\/en\/wp-json\/wp\/v2\/product_brand?post=396633"},{"taxonomy":"product_cat","embeddable":true,"href":"https:\/\/fifaa.ee\/en\/wp-json\/wp\/v2\/product_cat?post=396633"},{"taxonomy":"product_tag","embeddable":true,"href":"https:\/\/fifaa.ee\/en\/wp-json\/wp\/v2\/product_tag?post=396633"}],"curies":[{"name":"wp","href":"https:\/\/api.w.org\/{rel}","templated":true}]}}