{"id":396671,"date":"2026-04-02T14:09:45","date_gmt":"2026-04-02T11:09:45","guid":{"rendered":"https:\/\/fifaa.ee\/?post_type=product&#038;p=396671"},"modified":"2026-04-02T14:38:30","modified_gmt":"2026-04-02T11:38:30","slug":"active-extreme-x-cn-ls-m","status":"publish","type":"product","link":"https:\/\/fifaa.ee\/en\/product\/active-extreme-x-cn-ls-m\/","title":{"rendered":"Active Extreme X CN LS M"},"content":{"rendered":"<p>Long-sleeved shirt designed for competition and intensive training in moderate to cold winter conditions.<\/p>\n<p>This high-performance garment combines lightweight polyester and recycled polyester to provide exceptional body temperature regulation during high-intensity activities. The garment also features a waffle weave design for added moisture management and comfort. Excellent stretch and an ergonomic fit provide optimal freedom of movement<\/p>\n<p>Eco-friendly fabric  <\/p>\n<p>\u2022 Moisture management: 5\/5<br \/>\n\u2022 Activity level: 5\/5<br \/>\n\u2022 Temperature: -5\u00baC to +10\u00baC<\/p>","protected":false},"excerpt":{"rendered":"<p>Pika varrukaga s\u00e4rk, mis on m\u00f5eldud v\u00f5istlemiseks ja intensiivseteks treeninguteks m\u00f5\u00f5dukates kuni k\u00fclmades talvistes tingimustes. See k\u00f5rge j\u00f5udlusega r\u00f5ivas \u00fchendab kergekaalulise pol\u00fcestri ja taaskasutatud pol\u00fcestri, et tagada erakorraline kehatemperatuuri reguleerimine k\u00f5rge intensiivsusega tegevuste ajal. Lisaks on r\u00f5ival vahvlikootud disain, et tagada t\u00e4iendav niiskuse juhtimine ja mugavus. Suurep\u00e4rane venivus ja ergonoomiline istuvus tagavad optimaalse liikumisvabadus Keskkonnas\u00f5bralik [&hellip;]<\/p>\n","protected":false},"featured_media":396674,"template":"","meta":{"_acf_changed":false},"product_brand":[],"product_cat":[222,259],"product_tag":[659],"class_list":{"0":"post-396671","1":"product","2":"type-product","3":"status-publish","4":"has-post-thumbnail","6":"product_cat-sargid","7":"product_cat-spordisark","8":"product_tag-more-colors","9":"pa_brand-craft","10":"pa_suurus-s","11":"pa_suurus-m","12":"pa_suurus-l","13":"pa_suurus-xl","14":"pa_suurus-xxl","15":"pa_varv-must","16":"pa_varv-valge-new","18":"first","19":"instock","20":"taxable","21":"shipping-taxable","22":"purchasable","23":"product-type-variable","24":"has-default-attributes"},"acf":[],"_links":{"self":[{"href":"https:\/\/fifaa.ee\/en\/wp-json\/wp\/v2\/product\/396671","targetHints":{"allow":["GET"]}}],"collection":[{"href":"https:\/\/fifaa.ee\/en\/wp-json\/wp\/v2\/product"}],"about":[{"href":"https:\/\/fifaa.ee\/en\/wp-json\/wp\/v2\/types\/product"}],"wp:featuredmedia":[{"embeddable":true,"href":"https:\/\/fifaa.ee\/en\/wp-json\/wp\/v2\/media\/396674"}],"wp:attachment":[{"href":"https:\/\/fifaa.ee\/en\/wp-json\/wp\/v2\/media?parent=396671"}],"wp:term":[{"taxonomy":"product_brand","embeddable":true,"href":"https:\/\/fifaa.ee\/en\/wp-json\/wp\/v2\/product_brand?post=396671"},{"taxonomy":"product_cat","embeddable":true,"href":"https:\/\/fifaa.ee\/en\/wp-json\/wp\/v2\/product_cat?post=396671"},{"taxonomy":"product_tag","embeddable":true,"href":"https:\/\/fifaa.ee\/en\/wp-json\/wp\/v2\/product_tag?post=396671"}],"curies":[{"name":"wp","href":"https:\/\/api.w.org\/{rel}","templated":true}]}}