{"id":396897,"date":"2026-04-02T14:10:27","date_gmt":"2026-04-02T11:10:27","guid":{"rendered":"https:\/\/fifaa.ee\/?post_type=product&#038;p=396897"},"modified":"2026-04-02T14:38:29","modified_gmt":"2026-04-02T11:38:29","slug":"noble-zip-jacket-w","status":"publish","type":"product","link":"https:\/\/fifaa.ee\/en\/product\/noble-zip-jacket-w\/","title":{"rendered":"Noble Zip Jacket W"},"content":{"rendered":"<p>Zip-up hoodie made of soft jersey fabric with bonded, zippered side pockets.<\/p>\n<p>\u2022 Laser cut and glued zippered pockets on the sides.<br \/>\n\u2022 Laser-cut and glued air vents in the armpits for ventilation.<\/p>","protected":false},"excerpt":{"rendered":"<p>Lukuga pusa, mis on valmistatud pehmest d\u017eersikangast ja millel on liimitud, t\u00f5mblukuga k\u00fcljetaskud. \u2022 Laseriga l\u00f5igatud ja liimitud t\u00f5mblukuga taskud k\u00fclgedel. \u2022 Laseriga l\u00f5igatud ja liimitud \u00f5huavad kaenlaalustes ventilatsiooni tagamiseks.<\/p>","protected":false},"featured_media":396914,"template":"","meta":{"_acf_changed":false},"product_brand":[],"product_cat":[227,312],"product_tag":[659],"class_list":{"0":"post-396897","1":"product","2":"type-product","3":"status-publish","4":"has-post-thumbnail","6":"product_cat-pusad","7":"product_cat-lukuga-pusa","8":"product_tag-more-colors","9":"pa_brand-craft","10":"pa_suurus-xs","11":"pa_suurus-s","12":"pa_suurus-m","13":"pa_suurus-l","14":"pa_suurus-xl","15":"pa_suurus-xxl","16":"pa_varv-must","18":"first","19":"instock","20":"taxable","21":"shipping-taxable","22":"purchasable","23":"product-type-variable","24":"has-default-attributes"},"acf":[],"_links":{"self":[{"href":"https:\/\/fifaa.ee\/en\/wp-json\/wp\/v2\/product\/396897","targetHints":{"allow":["GET"]}}],"collection":[{"href":"https:\/\/fifaa.ee\/en\/wp-json\/wp\/v2\/product"}],"about":[{"href":"https:\/\/fifaa.ee\/en\/wp-json\/wp\/v2\/types\/product"}],"wp:featuredmedia":[{"embeddable":true,"href":"https:\/\/fifaa.ee\/en\/wp-json\/wp\/v2\/media\/396914"}],"wp:attachment":[{"href":"https:\/\/fifaa.ee\/en\/wp-json\/wp\/v2\/media?parent=396897"}],"wp:term":[{"taxonomy":"product_brand","embeddable":true,"href":"https:\/\/fifaa.ee\/en\/wp-json\/wp\/v2\/product_brand?post=396897"},{"taxonomy":"product_cat","embeddable":true,"href":"https:\/\/fifaa.ee\/en\/wp-json\/wp\/v2\/product_cat?post=396897"},{"taxonomy":"product_tag","embeddable":true,"href":"https:\/\/fifaa.ee\/en\/wp-json\/wp\/v2\/product_tag?post=396897"}],"curies":[{"name":"wp","href":"https:\/\/api.w.org\/{rel}","templated":true}]}}