{"id":39857,"date":"2025-01-28T17:32:44","date_gmt":"2025-01-28T15:32:44","guid":{"rendered":"https:\/\/fifaa.ee\/?post_type=product&#038;p=39857"},"modified":"2026-04-01T20:25:47","modified_gmt":"2026-04-01T17:25:47","slug":"iqoniq-cooper-taaskasutatud-puuvillast-jooksja","status":"publish","type":"product","link":"https:\/\/fifaa.ee\/en\/product\/iqoniq-cooper-taaskasutatud-puuvillast-jooksja\/","title":{"rendered":"Iqoniq Cooper recycled cotton jogger"},"content":{"rendered":"<p>Unisex classic sports joggers are made of 100% cotton, of which 50% is recycled and 50% is organic, 340 G\/M\u00b2. The jogger has an elastic waistband with 1\u00d71 flat rib. Inside is a soft brushed fleece for extra comfort. The use of genuine recycled and organic fabric materials and environmental impact claims are guaranteed using AWARE\u2122 disruptive physical tracking and blockchain technology. By scanning the QR code, you can access a special digital passport for the product. 2% of the proceeds from each product sold is donated to Water.org. This product is certified by OEKO-TEX\u00ae STANDARD 100 2303045 Centexbel. Due to the nature of recycled yarns, impurities and color changes may occur.<\/p>","protected":false},"excerpt":{"rendered":"<p>Unisex klassikaline spordijooks on valmistatud 100% puuvillast, millest 50% on taaskasutatud ja 50% orgaaniline, 340 G\/M\u00b2. Jogeril on elastne v\u00f6\u00f6koht 1&#215;1 lameda soonikuga. Sees on pehme harjatud fliis lisamugavuse tagamiseks. Ehtsate taaskasutatud ja orgaaniliste kangamaterjalide kasutamine ja keskkonnam\u00f5ju v\u00e4ited on tagatud, kasutades AWARE\u2122 h\u00e4irivat f\u00fc\u00fcsilist j\u00e4litusainet ja plokiahela tehnoloogiat. QR-koodi skannides saate juurdep\u00e4\u00e4su toote spetsiaalsele [&hellip;]<\/p>\n","protected":false},"featured_media":39876,"template":"","meta":{"_acf_changed":false},"product_brand":[],"product_cat":[300,299],"product_tag":[659],"class_list":{"0":"post-39857","1":"product","2":"type-product","3":"status-publish","4":"has-post-thumbnail","6":"product_cat-dressipuksid","7":"product_cat-puksid","8":"product_tag-more-colors","9":"pa_suurus-l","10":"pa_suurus-m","11":"pa_suurus-s","12":"pa_suurus-xl","13":"pa_suurus-xs","14":"pa_suurus-xxl","15":"pa_suurus-xxs","16":"pa_suurus-xxxl","17":"pa_varv-hall","18":"pa_varv-must","19":"pa_varv-sinine","20":"pa_varv-valge-new","22":"first","23":"instock","24":"taxable","25":"shipping-taxable","26":"purchasable","27":"product-type-variable","28":"has-default-attributes"},"acf":[],"_links":{"self":[{"href":"https:\/\/fifaa.ee\/en\/wp-json\/wp\/v2\/product\/39857","targetHints":{"allow":["GET"]}}],"collection":[{"href":"https:\/\/fifaa.ee\/en\/wp-json\/wp\/v2\/product"}],"about":[{"href":"https:\/\/fifaa.ee\/en\/wp-json\/wp\/v2\/types\/product"}],"wp:featuredmedia":[{"embeddable":true,"href":"https:\/\/fifaa.ee\/en\/wp-json\/wp\/v2\/media\/39876"}],"wp:attachment":[{"href":"https:\/\/fifaa.ee\/en\/wp-json\/wp\/v2\/media?parent=39857"}],"wp:term":[{"taxonomy":"product_brand","embeddable":true,"href":"https:\/\/fifaa.ee\/en\/wp-json\/wp\/v2\/product_brand?post=39857"},{"taxonomy":"product_cat","embeddable":true,"href":"https:\/\/fifaa.ee\/en\/wp-json\/wp\/v2\/product_cat?post=39857"},{"taxonomy":"product_tag","embeddable":true,"href":"https:\/\/fifaa.ee\/en\/wp-json\/wp\/v2\/product_tag?post=39857"}],"curies":[{"name":"wp","href":"https:\/\/api.w.org\/{rel}","templated":true}]}}