{"id":398640,"date":"2026-04-02T14:15:44","date_gmt":"2026-04-02T11:15:44","guid":{"rendered":"https:\/\/fifaa.ee\/?post_type=product&#038;p=398640"},"modified":"2026-04-02T14:38:27","modified_gmt":"2026-04-02T11:38:27","slug":"basic-t-l-s","status":"publish","type":"product","link":"https:\/\/fifaa.ee\/en\/product\/basic-t-l-s\/","title":{"rendered":"Basic-T L\/S"},"content":{"rendered":"<p>The long-sleeved T-shirt is fitted to the body, with elastane in the neckline. Men&#039;s round knitted neckline, women&#039;s design with side seams, offering style and comfort.<\/p>","protected":false},"excerpt":{"rendered":"<p>Pikkade varrukatega T-s\u00e4rk on kehasse sobiv, elastaan kaeluses. Meestel \u00fcmmargune kootud kaelus, naistel k\u00fclje\u00f5mblustega disain, pakkudes stiili ja mugavust.<\/p>","protected":false},"featured_media":398669,"template":"","meta":{"_acf_changed":false},"product_brand":[],"product_cat":[222,225],"product_tag":[659],"class_list":{"0":"post-398640","1":"product","2":"type-product","3":"status-publish","4":"has-post-thumbnail","6":"product_cat-sargid","7":"product_cat-t-sark","8":"product_tag-more-colors","9":"pa_brand-clique","10":"pa_suurus-xs","11":"pa_suurus-s","12":"pa_suurus-m","13":"pa_suurus-l","14":"pa_suurus-xl","15":"pa_suurus-xxl","16":"pa_suurus-3xl","17":"pa_suurus-4xl","18":"pa_varv-must","19":"pa_varv-punane","20":"pa_varv-sinine","21":"pa_varv-valge-new","23":"first","24":"instock","25":"taxable","26":"shipping-taxable","27":"purchasable","28":"product-type-variable","29":"has-default-attributes"},"acf":[],"_links":{"self":[{"href":"https:\/\/fifaa.ee\/en\/wp-json\/wp\/v2\/product\/398640","targetHints":{"allow":["GET"]}}],"collection":[{"href":"https:\/\/fifaa.ee\/en\/wp-json\/wp\/v2\/product"}],"about":[{"href":"https:\/\/fifaa.ee\/en\/wp-json\/wp\/v2\/types\/product"}],"wp:featuredmedia":[{"embeddable":true,"href":"https:\/\/fifaa.ee\/en\/wp-json\/wp\/v2\/media\/398669"}],"wp:attachment":[{"href":"https:\/\/fifaa.ee\/en\/wp-json\/wp\/v2\/media?parent=398640"}],"wp:term":[{"taxonomy":"product_brand","embeddable":true,"href":"https:\/\/fifaa.ee\/en\/wp-json\/wp\/v2\/product_brand?post=398640"},{"taxonomy":"product_cat","embeddable":true,"href":"https:\/\/fifaa.ee\/en\/wp-json\/wp\/v2\/product_cat?post=398640"},{"taxonomy":"product_tag","embeddable":true,"href":"https:\/\/fifaa.ee\/en\/wp-json\/wp\/v2\/product_tag?post=398640"}],"curies":[{"name":"wp","href":"https:\/\/api.w.org\/{rel}","templated":true}]}}