{"id":398782,"date":"2026-04-02T14:16:10","date_gmt":"2026-04-02T11:16:10","guid":{"rendered":"https:\/\/fifaa.ee\/?post_type=product&#038;p=398782"},"modified":"2026-04-02T14:38:27","modified_gmt":"2026-04-02T11:38:27","slug":"core-gain-midlayer-w","status":"publish","type":"product","link":"https:\/\/fifaa.ee\/en\/product\/core-gain-midlayer-w\/","title":{"rendered":"CORE Gain Midlayer W"},"content":{"rendered":"<p>A versatile half-zip fleece made from a soft, stretchy, functional fabric with a slightly brushed inner surface for extra warmth and comfort.<\/p>\n<p>Ideal for cool days or as a mid-layer in very cold conditions.<\/p>\n<p>\u2022 Soft, stretchy and functional jersey fabric with brushed interior<br \/>\n\u2022 Half zipper<br \/>\n\u2022 Craft logo on the chest<br \/>\n\u2022 Close-fitting cut<\/p>","protected":false},"excerpt":{"rendered":"<p>mitmek\u00fclgne poolt\u00f5mblukuga fliis, mis on valmistatud pehmest, venivast ja funktsionaalsest kangast, millel on veidi harjatud sisepind lisasoojust ja mugavust. Ideaalne jahedatel p\u00e4evadel v\u00f5i vahekihina v\u00e4ga k\u00fclmades tingimustes. \u2022 Pehme, veniv ja funktsionaalne jersikangas harjatud sisepinnaga \u2022 Poolt\u00f5mblukk \u2022 Craft logo rinnal \u2022 Keha l\u00e4hedane l\u00f5ige<\/p>","protected":false},"featured_media":398784,"template":"","meta":{"_acf_changed":false},"product_brand":[],"product_cat":[227,653],"product_tag":[659],"class_list":{"0":"post-398782","1":"product","2":"type-product","3":"status-publish","4":"has-post-thumbnail","6":"product_cat-pusad","7":"product_cat-fliisid","8":"product_tag-more-colors","9":"pa_brand-craft","10":"pa_suurus-xs","11":"pa_suurus-s","12":"pa_suurus-m","13":"pa_suurus-l","14":"pa_suurus-xl","15":"pa_suurus-xxl","16":"pa_varv-must","17":"pa_varv-valge-new","19":"first","20":"instock","21":"taxable","22":"shipping-taxable","23":"purchasable","24":"product-type-variable","25":"has-default-attributes"},"acf":[],"_links":{"self":[{"href":"https:\/\/fifaa.ee\/en\/wp-json\/wp\/v2\/product\/398782","targetHints":{"allow":["GET"]}}],"collection":[{"href":"https:\/\/fifaa.ee\/en\/wp-json\/wp\/v2\/product"}],"about":[{"href":"https:\/\/fifaa.ee\/en\/wp-json\/wp\/v2\/types\/product"}],"wp:featuredmedia":[{"embeddable":true,"href":"https:\/\/fifaa.ee\/en\/wp-json\/wp\/v2\/media\/398784"}],"wp:attachment":[{"href":"https:\/\/fifaa.ee\/en\/wp-json\/wp\/v2\/media?parent=398782"}],"wp:term":[{"taxonomy":"product_brand","embeddable":true,"href":"https:\/\/fifaa.ee\/en\/wp-json\/wp\/v2\/product_brand?post=398782"},{"taxonomy":"product_cat","embeddable":true,"href":"https:\/\/fifaa.ee\/en\/wp-json\/wp\/v2\/product_cat?post=398782"},{"taxonomy":"product_tag","embeddable":true,"href":"https:\/\/fifaa.ee\/en\/wp-json\/wp\/v2\/product_tag?post=398782"}],"curies":[{"name":"wp","href":"https:\/\/api.w.org\/{rel}","templated":true}]}}