{"id":398999,"date":"2026-04-02T14:16:49","date_gmt":"2026-04-02T11:16:49","guid":{"rendered":"https:\/\/fifaa.ee\/?post_type=product&#038;p=398999"},"modified":"2026-04-02T14:38:27","modified_gmt":"2026-04-02T11:38:27","slug":"summerland-linen-shirt-women","status":"publish","type":"product","link":"https:\/\/fifaa.ee\/en\/product\/summerland-linen-shirt-women\/","title":{"rendered":"Summerland Linen Shirt Women"},"content":{"rendered":"<p>A premium shirt made from pure linen in a light and airy fabric that offers style and comfort at all times. This regular shirt features contrast stitching details that add to its modern look. The men&#039;s style has a chest pocket (except for the white shirt which does not have a chest pocket). The adjustable width two-button cuffs are adorned with the CB signature logo on the upper sleeve vent, highlighting the quality of the product and attention to detail.<\/p>","protected":false},"excerpt":{"rendered":"<p>Puhtast linasest kergest ja \u00f5hulisest kangast valmistatud esmaklassiline s\u00e4rk, mis pakub stiili ja mugavust igal ajal. Sellel tavalisel s\u00e4rgil on kontrastsed \u00f5mblusdetailid, mis lisavad sellele modernse v\u00e4limuse. Meeste stiilil on rinnatasku (v\u00e4lja arvatud valgel s\u00e4rgil, millel puudub rinnatasku). Reguleeritava laiusega kahe n\u00f6\u00f6biga mansetid on kaunistatud CB-signature-logoga \u00fclemise varruka \u00f5hutusava, tuues esile toote kvaliteedi ja t\u00e4helepanu [&hellip;]<\/p>\n","protected":false},"featured_media":399004,"template":"","meta":{"_acf_changed":false},"product_brand":[],"product_cat":[738,222],"product_tag":[659],"class_list":{"0":"post-398999","1":"product","2":"type-product","3":"status-publish","4":"has-post-thumbnail","6":"product_cat-kraega-sark","7":"product_cat-sargid","8":"product_tag-more-colors","9":"pa_brand-cutter-buck","10":"pa_suurus-xs","11":"pa_suurus-s","12":"pa_suurus-m","13":"pa_suurus-l","14":"pa_suurus-xl","15":"pa_suurus-xxl","16":"pa_varv-valge-new","18":"first","19":"instock","20":"taxable","21":"shipping-taxable","22":"purchasable","23":"product-type-variable","24":"has-default-attributes"},"acf":[],"_links":{"self":[{"href":"https:\/\/fifaa.ee\/en\/wp-json\/wp\/v2\/product\/398999","targetHints":{"allow":["GET"]}}],"collection":[{"href":"https:\/\/fifaa.ee\/en\/wp-json\/wp\/v2\/product"}],"about":[{"href":"https:\/\/fifaa.ee\/en\/wp-json\/wp\/v2\/types\/product"}],"wp:featuredmedia":[{"embeddable":true,"href":"https:\/\/fifaa.ee\/en\/wp-json\/wp\/v2\/media\/399004"}],"wp:attachment":[{"href":"https:\/\/fifaa.ee\/en\/wp-json\/wp\/v2\/media?parent=398999"}],"wp:term":[{"taxonomy":"product_brand","embeddable":true,"href":"https:\/\/fifaa.ee\/en\/wp-json\/wp\/v2\/product_brand?post=398999"},{"taxonomy":"product_cat","embeddable":true,"href":"https:\/\/fifaa.ee\/en\/wp-json\/wp\/v2\/product_cat?post=398999"},{"taxonomy":"product_tag","embeddable":true,"href":"https:\/\/fifaa.ee\/en\/wp-json\/wp\/v2\/product_tag?post=398999"}],"curies":[{"name":"wp","href":"https:\/\/api.w.org\/{rel}","templated":true}]}}