{"id":399036,"date":"2026-04-02T14:16:55","date_gmt":"2026-04-02T11:16:55","guid":{"rendered":"https:\/\/fifaa.ee\/?post_type=product&#038;p=399036"},"modified":"2026-04-02T14:38:27","modified_gmt":"2026-04-02T11:38:27","slug":"miami-hoody","status":"publish","type":"product","link":"https:\/\/fifaa.ee\/en\/product\/miami-hoody\/","title":{"rendered":"Miami Hoodie"},"content":{"rendered":"<p>Unisex hoodie made from a blend of cotton and recycled polyester for comfort and eco-friendliness. The hood has a main fabric and a round drawstring for added style. There is a large kangaroo pocket on the front for practicality and warmth. Elastic ribbing with 2 x 2 double stitching at the bottom of the sleeve and hem ensures a good fit. Easily removable label allows for rebranding. The soft stabilized fabric is designed for intensive washing, ensuring long-lasting quality.<\/p>","protected":false},"excerpt":{"rendered":"<p>Unisex kapuutsiga pusa, mis on valmistatud puuvilla ja taaskasutatud pol\u00fcestri segust, pakkudes mugavust ja keskkonnas\u00f5bralikkust. Kapuutsil on p\u00f5hikangas ja \u00fcmmargune n\u00f6\u00f6r, mis annab sellele t\u00e4iendava stiili. Ees on suur k\u00e4ngurutasku, mis pakub praktilisust ja soojust. Elastne soonik 2 x 2 topelt\u00f5mblusega varruka allosas ja all\u00e4\u00e4res tagab hea sobivuse.H\u00f5lpsasti eemaldatav etikett v\u00f5imaldavad kaubam\u00e4rgi muutmist. Pehme stabiliseeritud [&hellip;]<\/p>\n","protected":false},"featured_media":399050,"template":"","meta":{"_acf_changed":false},"product_brand":[],"product_cat":[227,311],"product_tag":[659],"class_list":{"0":"post-399036","1":"product","2":"type-product","3":"status-publish","4":"has-post-thumbnail","6":"product_cat-pusad","7":"product_cat-kapuutsiga-pusa","8":"product_tag-more-colors","9":"pa_brand-clique","10":"pa_suurus-xs","11":"pa_suurus-s","12":"pa_suurus-m","13":"pa_suurus-l","14":"pa_suurus-xl","15":"pa_suurus-xxl","16":"pa_suurus-3xl","17":"pa_suurus-4xl","18":"pa_varv-oranz","19":"pa_varv-kollane","20":"pa_varv-must","21":"pa_varv-punane","22":"pa_varv-roheline","23":"pa_varv-sinine","24":"pa_varv-valge-new","26":"first","27":"instock","28":"taxable","29":"shipping-taxable","30":"purchasable","31":"product-type-variable","32":"has-default-attributes"},"acf":[],"_links":{"self":[{"href":"https:\/\/fifaa.ee\/en\/wp-json\/wp\/v2\/product\/399036","targetHints":{"allow":["GET"]}}],"collection":[{"href":"https:\/\/fifaa.ee\/en\/wp-json\/wp\/v2\/product"}],"about":[{"href":"https:\/\/fifaa.ee\/en\/wp-json\/wp\/v2\/types\/product"}],"wp:featuredmedia":[{"embeddable":true,"href":"https:\/\/fifaa.ee\/en\/wp-json\/wp\/v2\/media\/399050"}],"wp:attachment":[{"href":"https:\/\/fifaa.ee\/en\/wp-json\/wp\/v2\/media?parent=399036"}],"wp:term":[{"taxonomy":"product_brand","embeddable":true,"href":"https:\/\/fifaa.ee\/en\/wp-json\/wp\/v2\/product_brand?post=399036"},{"taxonomy":"product_cat","embeddable":true,"href":"https:\/\/fifaa.ee\/en\/wp-json\/wp\/v2\/product_cat?post=399036"},{"taxonomy":"product_tag","embeddable":true,"href":"https:\/\/fifaa.ee\/en\/wp-json\/wp\/v2\/product_tag?post=399036"}],"curies":[{"name":"wp","href":"https:\/\/api.w.org\/{rel}","templated":true}]}}