{"id":399272,"date":"2026-04-02T14:17:43","date_gmt":"2026-04-02T11:17:43","guid":{"rendered":"https:\/\/fifaa.ee\/?post_type=product&#038;p=399272"},"modified":"2026-04-02T14:38:27","modified_gmt":"2026-04-02T11:38:27","slug":"premium-oc-hoody-full-zip-women","status":"publish","type":"product","link":"https:\/\/fifaa.ee\/en\/product\/premium-oc-hoody-full-zip-women\/","title":{"rendered":"Premium OC Hoody Full Zip Women"},"content":{"rendered":"<p>Zip-up hoodie in a blend of organic cotton and recycled polyester. Full zip with antique finish, two zipped front pockets. Drawstring hood with metal ends and decorative stitching for a modern look. Ribbed cuffs and hem. 1 x 1 elastic rib. Includes ear flap solutions.<\/p>","protected":false},"excerpt":{"rendered":"<p>Lukuga pusa, orgaanilisest puuvillast ja taaskasutatud pol\u00fcestri segust. T\u00e4ielik t\u00f5mblukk antiikse viimistlusega, kaks lukuga esitaskut. Metallist otste ja dekoratiivse \u00f5mblusega kapuutsi n\u00f6\u00f6r loob kaasaegse v\u00e4limuse. Soonik allosas varrukal ja all\u00e4\u00e4res. Elastne soonik 1 x 1. Kaasas k\u00f5rvaklapi lahendused.<\/p>","protected":false},"featured_media":399276,"template":"","meta":{"_acf_changed":false},"product_brand":[],"product_cat":[227,312],"product_tag":[659],"class_list":{"0":"post-399272","1":"product","2":"type-product","3":"status-publish","4":"has-post-thumbnail","6":"product_cat-pusad","7":"product_cat-lukuga-pusa","8":"product_tag-more-colors","9":"pa_brand-clique","10":"pa_suurus-xs","11":"pa_suurus-s","12":"pa_suurus-m","13":"pa_suurus-l","14":"pa_suurus-xl","15":"pa_suurus-xxl","16":"pa_varv-must","18":"first","19":"instock","20":"taxable","21":"shipping-taxable","22":"purchasable","23":"product-type-variable","24":"has-default-attributes"},"acf":[],"_links":{"self":[{"href":"https:\/\/fifaa.ee\/en\/wp-json\/wp\/v2\/product\/399272","targetHints":{"allow":["GET"]}}],"collection":[{"href":"https:\/\/fifaa.ee\/en\/wp-json\/wp\/v2\/product"}],"about":[{"href":"https:\/\/fifaa.ee\/en\/wp-json\/wp\/v2\/types\/product"}],"wp:featuredmedia":[{"embeddable":true,"href":"https:\/\/fifaa.ee\/en\/wp-json\/wp\/v2\/media\/399276"}],"wp:attachment":[{"href":"https:\/\/fifaa.ee\/en\/wp-json\/wp\/v2\/media?parent=399272"}],"wp:term":[{"taxonomy":"product_brand","embeddable":true,"href":"https:\/\/fifaa.ee\/en\/wp-json\/wp\/v2\/product_brand?post=399272"},{"taxonomy":"product_cat","embeddable":true,"href":"https:\/\/fifaa.ee\/en\/wp-json\/wp\/v2\/product_cat?post=399272"},{"taxonomy":"product_tag","embeddable":true,"href":"https:\/\/fifaa.ee\/en\/wp-json\/wp\/v2\/product_tag?post=399272"}],"curies":[{"name":"wp","href":"https:\/\/api.w.org\/{rel}","templated":true}]}}