{"id":399634,"date":"2026-04-02T14:19:03","date_gmt":"2026-04-02T11:19:03","guid":{"rendered":"https:\/\/fifaa.ee\/?post_type=product&#038;p=399634"},"modified":"2026-04-02T14:38:27","modified_gmt":"2026-04-02T11:38:27","slug":"deft-2-0-tee-w","status":"publish","type":"product","link":"https:\/\/fifaa.ee\/en\/product\/deft-2-0-tee-w\/","title":{"rendered":"Deft 2.0 Tee W"},"content":{"rendered":"<p>Comfortable casual shirt made of a soft cotton blend. Suitable for most body types. <\/p>\n<p>\u2022 Soft cotton blend fabric<br \/>\n\u2022 Printed six-dot logo in tone-on-tone on the right chest and center back<\/p>","protected":false},"excerpt":{"rendered":"<p>Mugav vabaaja stiilis s\u00e4rk, mis on valmistatud pehmest puuvillasegust. Sobib enamikele kehat\u00fc\u00fcpidele. \u2022 Pehme puuvillasegu kangas \u2022 Prinditud kuue punkti logo toon-toonis paremal rinnal ja selja keskel<\/p>","protected":false},"featured_media":399644,"template":"","meta":{"_acf_changed":false},"product_brand":[],"product_cat":[222,259],"product_tag":[659],"class_list":{"0":"post-399634","1":"product","2":"type-product","3":"status-publish","4":"has-post-thumbnail","6":"product_cat-sargid","7":"product_cat-spordisark","8":"product_tag-more-colors","9":"pa_brand-craft","10":"pa_suurus-xs","11":"pa_suurus-s","12":"pa_suurus-m","13":"pa_suurus-l","14":"pa_suurus-xl","15":"pa_suurus-xxl","16":"pa_varv-must","17":"pa_varv-valge-new","19":"first","20":"instock","21":"taxable","22":"shipping-taxable","23":"purchasable","24":"product-type-variable","25":"has-default-attributes"},"acf":[],"_links":{"self":[{"href":"https:\/\/fifaa.ee\/en\/wp-json\/wp\/v2\/product\/399634","targetHints":{"allow":["GET"]}}],"collection":[{"href":"https:\/\/fifaa.ee\/en\/wp-json\/wp\/v2\/product"}],"about":[{"href":"https:\/\/fifaa.ee\/en\/wp-json\/wp\/v2\/types\/product"}],"wp:featuredmedia":[{"embeddable":true,"href":"https:\/\/fifaa.ee\/en\/wp-json\/wp\/v2\/media\/399644"}],"wp:attachment":[{"href":"https:\/\/fifaa.ee\/en\/wp-json\/wp\/v2\/media?parent=399634"}],"wp:term":[{"taxonomy":"product_brand","embeddable":true,"href":"https:\/\/fifaa.ee\/en\/wp-json\/wp\/v2\/product_brand?post=399634"},{"taxonomy":"product_cat","embeddable":true,"href":"https:\/\/fifaa.ee\/en\/wp-json\/wp\/v2\/product_cat?post=399634"},{"taxonomy":"product_tag","embeddable":true,"href":"https:\/\/fifaa.ee\/en\/wp-json\/wp\/v2\/product_tag?post=399634"}],"curies":[{"name":"wp","href":"https:\/\/api.w.org\/{rel}","templated":true}]}}